{"id":3,"date":"2023-08-24T10:21:28","date_gmt":"2023-08-24T10:21:28","guid":{"rendered":"https:\/\/geraramor.com\/Catia-Vieira\/?page_id=3"},"modified":"2024-03-14T17:46:33","modified_gmt":"2024-03-14T17:46:33","slug":"termos-gerar-amor","status":"publish","type":"page","link":"https:\/\/geraramor.com\/Catia-Vieira\/termos-gerar-amor\/","title":{"rendered":"Termos &#038; condi\u00e7\u00f5es"},"content":{"rendered":"<h2><\/h2>\n<p>Por favor, leia atentamente estes Termos de Servi\u00e7o (&#8220;Termos&#8221;, &#8220;Termos de Servi\u00e7o&#8221;) antes de usar o site https:\/\/geraramor.com\/ (o &#8220;Site&#8221;) operado por GerarAmor (&#8220;n\u00f3s&#8221;, &#8220;nos&#8221;, &#8220;nosso&#8221;) pois estes Termos de Servi\u00e7o cont\u00eam informa\u00e7\u00f5es importantes sobre limita\u00e7\u00f5es da nossa responsabilidade. O seu acesso e uso deste Site est\u00e1 condicionado \u00e0 sua aceita\u00e7\u00e3o e cumprimento destes Termos. Estes Termos aplicam-se a todos, incluindo, mas n\u00e3o limitado a, visitantes, utilizadores e outros, que desejam acessar e usar o Site.<\/p>\n<p>Ao acessar ou usar o Site, concorda em estar vinculado por estes Termos. Se discordar de qualquer parte dos Termos, ent\u00e3o n\u00e3o tem a nossa permiss\u00e3o para acessar ou usar o Site.<\/p>\n<h3>Usos Proibidos<\/h3>\n<p>Concorda que utilizar\u00e1 este Site em conformidade com todas as leis, regras, regulamentos aplic\u00e1veis e estes Termos em todos os momentos. Segue-se uma lista n\u00e3o exaustiva de usos proibidos deste Site. Concorda que n\u00e3o realizar\u00e1 nenhum dos seguintes usos proibidos:<\/p>\n<ul>\n<li>Fazer-se passar ou tentar fazer-se passar por GerarAmor ou seus funcion\u00e1rios, representantes, subsidi\u00e1rias ou divis\u00f5es;<\/li>\n<li>Falsificar a sua identidade ou afilia\u00e7\u00e3o com qualquer pessoa ou entidade;<\/li>\n<li>Enviar ou tentar enviar qualquer material publicit\u00e1rio ou promocional, incluindo, mas n\u00e3o limitado a, spam, correio indesejado, correntes de e-mails ou qualquer material semelhante;<\/li>\n<li>Envolver-se em qualquer conduta que restrinja ou iniba o uso ou gozo do Site por qualquer pessoa, ou que, conforme determinado a nosso exclusivo crit\u00e9rio, possa nos prejudicar ou aos utilizadores deste Site ou expor-nos ou a outros utilizadores a responsabilidade;<\/li>\n<li>Utilizar o Site de maneira que possa desativar, sobrecarregar, danificar ou prejudicar o Site ou interferir no uso do Site por outra parte;<\/li>\n<li>Utilizar qualquer rob\u00f4, aranha ou outra tecnologia autom\u00e1tica semelhante, processo ou meio para acessar ou usar o Site para qualquer finalidade, incluindo monitorizar ou copiar qualquer material neste Site;<\/li>\n<li>Utilizar qualquer processo ou meio manual para monitorizar ou copiar qualquer material neste Site ou para qualquer outra finalidade n\u00e3o autorizada;<\/li>\n<li>Utilizar qualquer dispositivo, software, meio ou rotina que interfira no correto funcionamento do Site, incluindo, mas n\u00e3o limitado a v\u00edrus, cavalos de Troia, worms, bombas l\u00f3gicas ou outros materiais desse tipo;<\/li>\n<li>Tentar obter acesso n\u00e3o autorizado a, interferir com, danificar ou perturbar qualquer parte do Site, os servidores em que o Site est\u00e1 armazenado, ou qualquer servidor, computador ou base de dados conectado ao Site;<\/li>\n<li>Tentar atacar ou atacar o Site atrav\u00e9s de um ataque de nega\u00e7\u00e3o de servi\u00e7o ou um ataque distribu\u00eddo de nega\u00e7\u00e3o de servi\u00e7o;<\/li>\n<li>De outra forma tentar interferir no correto funcionamento do Site;<\/li>\n<li>Utilizar o Site de qualquer forma que viole quaisquer leis, regras ou regulamentos aplic\u00e1veis da prov\u00edncia, territ\u00f3rio, estado ou pa\u00eds.<\/li>\n<\/ul>\n<h3>Sem Garantia no Site<\/h3>\n<p>ESTE SITE \u00c9 FORNECIDO &#8220;COMO EST\u00c1&#8221;, SEM GARANTIA DE QUALQUER TIPO, EXPRESSA OU IMPL\u00cdCITA (INCLUINDO QUALQUER GARANTIA IMPL\u00cdCITA DE COMERCIABILIDADE, QUALIDADE SATISFAT\u00d3RIA OU APTID\u00c3O PARA UM PROP\u00d3SITO OU USO PARTICULAR) APLICAR-SE-\u00c1 A ESTE SITE, QUER SURGINDO POR LEI, NEG\u00d3CIO, DESEMPENHO, USO DO COM\u00c9RCIO OU DE OUTRA FORMA.<\/p>\n<h3>Disponibilidade, Erros e Inexatid\u00f5es<\/h3>\n<p>N\u00e3o assumimos qualquer responsabilidade pela disponibilidade, erros ou inexatid\u00f5es das informa\u00e7\u00f5es, produtos ou servi\u00e7os fornecidos neste Site. Podemos experienciar atrasos na atualiza\u00e7\u00e3o de informa\u00e7\u00f5es neste Site e na nossa publicidade em outros sites. As informa\u00e7\u00f5es, produtos e servi\u00e7os encontrados no Site podem conter erros ou inexatid\u00f5es ou podem n\u00e3o estar completos ou atualizados. Produtos ou servi\u00e7os podem estar incorretamente precificados ou indispon\u00edveis. Reservamo-nos expressamente o direito de corrigir quaisquer erros de pre\u00e7os no nosso Site. Se determinar que existe um erro neste Site, ou em quaisquer faturas ou ordens de compra enviadas a si por n\u00f3s, informe-nos imediatamente utilizando as informa\u00e7\u00f5es de contacto abaixo. A inclus\u00e3o ou oferta de qualquer produto ou servi\u00e7o neste Site n\u00e3o constitui um endosso ou recomenda\u00e7\u00e3o desse produto ou servi\u00e7o por n\u00f3s.<\/p>\n<h3>Danos e Limita\u00e7\u00e3o de Responsabilidade<\/h3>\n<p>Em nenhum caso a GerarAmor ser\u00e1 respons\u00e1vel por quaisquer danos diretos, indiretos, punitivos, incidentais, especiais ou consequenciais decorrentes de, ou de alguma forma relacionados com, o seu acesso, exibi\u00e7\u00e3o ou uso deste site ou com o atraso ou incapacidade de acessar, exibir ou usar este site, incluindo, mas n\u00e3o limitado a, a sua confian\u00e7a em opini\u00f5es ou informa\u00e7\u00f5es aparecendo neste site; quaisquer v\u00edrus de computador, informa\u00e7\u00f5es, software, sites ligados operados por terceiros, produtos ou servi\u00e7os obtidos atrav\u00e9s deste site, seja baseado numa teoria de contrato, delito, responsabilidade estrita, estatutos de prote\u00e7\u00e3o ao consumidor ou de outra forma, mesmo que a GerarAmor tenha sido avisada da possibilidade de tais danos.<\/p>\n<h3>Links para Sites de Terceiros<\/h3>\n<p>Este Site pode conter hiperliga\u00e7\u00f5es para sites operados por terceiros e n\u00e3o por n\u00f3s. Fornecemos tais hiperliga\u00e7\u00f5es apenas para sua refer\u00eancia. N\u00e3o controlamos tais sites e n\u00e3o somos respons\u00e1veis pelo seu conte\u00fado ou pelas pr\u00e1ticas de privacidade ou outras pr\u00e1ticas desses sites. Al\u00e9m disso, \u00e9 da sua responsabilidade tomar precau\u00e7\u00f5es para garantir que os links em que clica ou o software que descarrega, quer deste Site quer de outros sites ou aplica\u00e7\u00f5es, estejam livres de itens como v\u00edrus, worms, cavalos de Troia, defeitos e outros itens de natureza destrutiva. A nossa inclus\u00e3o de hiperliga\u00e7\u00f5es para tais sites n\u00e3o implica qualquer endosso do material nesses sites ou qualquer associa\u00e7\u00e3o com os seus operadores.<\/p>\n<h3>Propriedade Intelectual e Notifica\u00e7\u00e3o DMCA e Procedimento para Reclama\u00e7\u00f5es de Infra\u00e7\u00e3o de Propriedade Intelectual<\/h3>\n<p>Todos os conte\u00fados deste Site s\u00e3o \u00a9 Copyright 2024 GerarAmor &#8211; Todos os Direitos Reservados ou de terceiros. Todos os direitos reservados. Salvo especifica\u00e7\u00e3o em contr\u00e1rio, este Site e todo o conte\u00fado e outros materiais neste Site, incluindo, mas n\u00e3o limitado a, todos os logos, designs, texto, gr\u00e1ficos, imagens, informa\u00e7\u00f5es, dados, software, arquivos de som e disposi\u00e7\u00e3o dos mesmos (coletivamente, &#8220;Conte\u00fado&#8221;) s\u00e3o propriedade propriet\u00e1ria de GerarAmor e s\u00e3o marcas registradas, marcas comerciais ou propriedade intelectual protegida de GerarAmor ou de terceiros em Portugal e\/ou outros pa\u00edses.Se est\u00e1 ciente de uma poss\u00edvel infra\u00e7\u00e3o da nossa propriedade intelectual, por favor, contacte GerarAmor em geral@geraramor.com.<\/p>\n<p>Respeitamos os direitos de propriedade intelectual de terceiros. \u00c9 nossa pol\u00edtica responder a quaisquer reivindica\u00e7\u00f5es de que o Conte\u00fado publicado no Site infringe os direitos autorais, marcas registradas ou outros direitos de propriedade intelectual de qualquer pessoa ou entidade.Se acredita de boa f\u00e9 que o Conte\u00fado infringe os seus direitos de propriedade intelectual, voc\u00ea ou o seu agente podem enviar-nos uma notifica\u00e7\u00e3o escrita de tal infra\u00e7\u00e3o intitulada &#8220;Infra\u00e7\u00e3o de Direitos de Propriedade Intelectual &#8211; DMCA&#8221;. A sua notifica\u00e7\u00e3o para n\u00f3s deve incluir as seguintes informa\u00e7\u00f5es:<\/p>\n<ul>\n<li>Uma assinatura eletr\u00f3nicaou f\u00edsica da pessoa autorizada a agir em nome do propriet\u00e1rio do interesse do direito de propriedade intelectual;<\/li>\n<li>Uma descri\u00e7\u00e3o do trabalho que alega ter sido infringido, incluindo o URL (ou seja, endere\u00e7o da p\u00e1gina web) do local onde o trabalho existe ou uma c\u00f3pia do trabalho;<\/li>\n<li>O seu nome, e-mail, endere\u00e7o e n\u00famero de telefone; e<\/li>\n<li>Uma declara\u00e7\u00e3o sua de que tem uma cren\u00e7a de boa f\u00e9 de que o uso contestado n\u00e3o \u00e9 autorizado pelo propriet\u00e1rio da obra, seu agente ou pela lei.<\/li>\n<\/ul>\n<p>Por favor, note que n\u00e3o processaremos a sua queixa se n\u00e3o estiver devidamente preenchida ou estiver incompleta. Pode ser responsabilizado por danos, incluindo, mas n\u00e3o limitado a custos e honor\u00e1rios de advogados por qualquer representa\u00e7\u00e3o falsa ou reivindica\u00e7\u00f5es de m\u00e1 f\u00e9 sobre a infra\u00e7\u00e3o dos seus direitos de propriedade intelectual pelo Conte\u00fado neste Site.<\/p>\n<h3>Lei Aplic\u00e1vel, Severabilidade, Resolu\u00e7\u00e3o de Disputas e Foro Competente<\/h3>\n<p>Estes Termos ser\u00e3o regidos e interpretados de acordo com as leis de Inglaterra, sem considera\u00e7\u00e3o aos seus conflitos de disposi\u00e7\u00f5es legais. ESTES TERMOS N\u00c3O SER\u00c3O REGIDOS PELA CONVEN\u00c7\u00c3O DAS NA\u00c7\u00d5ES UNIDAS SOBRE CONTRATOS DE VENDA INTERNACIONAL DE MERCADORIAS, O C\u00d3DIGO COMERCIAL UNIFORME, NEM INCOTERMS.A nossa falha em fazer cumprir qualquer direito ou disposi\u00e7\u00e3o destes Termos n\u00e3o ser\u00e1 considerada uma ren\u00fancia desse direito ou disposi\u00e7\u00e3o. Se qualquer disposi\u00e7\u00e3o destes Termos for considerada inv\u00e1lida ou inexequ\u00edvel por um tribunal, as restantes disposi\u00e7\u00f5es destes Termos permanecer\u00e3o em vigor.Qualquer controv\u00e9rsia ou reivindica\u00e7\u00e3o decorrente ou relacionada a estes Termos, incluindo, mas n\u00e3o limitado a, a interpreta\u00e7\u00e3o ou viola\u00e7\u00e3o dos mesmos, ser\u00e1 resolvida num tribunal de jurisdi\u00e7\u00e3o competente em Inglaterra.Reservamo-nos o direito de fazer altera\u00e7\u00f5es a estes Termos de Servi\u00e7o a qualquer momento. N\u00e3o lhe forneceremos qualquer aviso quando fizermos altera\u00e7\u00f5es a este Termos de Servi\u00e7o.<\/p>\n<h3>Perguntas<\/h3>\n<p>Se tiver alguma d\u00favida sobre os nossos Termos de Servi\u00e7o, por favor, contacte-nos em geral@geraramor.com.<\/p>\n","protected":false},"excerpt":{"rendered":"<p>Por favor, leia atentamente estes Termos de Servi\u00e7o (&#8220;Termos&#8221;, &#8220;Termos<\/p>\n","protected":false},"author":1,"featured_media":0,"parent":0,"menu_order":0,"comment_status":"closed","ping_status":"open","template":"","meta":{"nf_dc_page":"","_monsterinsights_skip_tracking":false,"_monsterinsights_sitenote_active":false,"_monsterinsights_sitenote_note":"","_monsterinsights_sitenote_category":0,"footnotes":""},"class_list":["post-3","page","type-page","status-publish","hentry"],"aioseo_notices":[],"jetpack_sharing_enabled":true,"_links":{"self":[{"href":"https:\/\/geraramor.com\/Catia-Vieira\/wp-json\/wp\/v2\/pages\/3","targetHints":{"allow":["GET"]}}],"collection":[{"href":"https:\/\/geraramor.com\/Catia-Vieira\/wp-json\/wp\/v2\/pages"}],"about":[{"href":"https:\/\/geraramor.com\/Catia-Vieira\/wp-json\/wp\/v2\/types\/page"}],"author":[{"embeddable":true,"href":"https:\/\/geraramor.com\/Catia-Vieira\/wp-json\/wp\/v2\/users\/1"}],"replies":[{"embeddable":true,"href":"https:\/\/geraramor.com\/Catia-Vieira\/wp-json\/wp\/v2\/comments?post=3"}],"version-history":[{"count":5,"href":"https:\/\/geraramor.com\/Catia-Vieira\/wp-json\/wp\/v2\/pages\/3\/revisions"}],"predecessor-version":[{"id":1428,"href":"https:\/\/geraramor.com\/Catia-Vieira\/wp-json\/wp\/v2\/pages\/3\/revisions\/1428"}],"wp:attachment":[{"href":"https:\/\/geraramor.com\/Catia-Vieira\/wp-json\/wp\/v2\/media?parent=3"}],"curies":[{"name":"wp","href":"https:\/\/api.w.org\/{rel}","templated":true}]}}