{"id":2034,"date":"2024-10-30T12:24:05","date_gmt":"2024-10-30T12:24:05","guid":{"rendered":"https:\/\/geraramor.com\/Catia-Vieira\/?page_id=2034"},"modified":"2024-10-30T14:20:16","modified_gmt":"2024-10-30T14:20:16","slug":"geraramor-conhecimento","status":"publish","type":"page","link":"https:\/\/geraramor.com\/Catia-Vieira\/geraramor-conhecimento\/","title":{"rendered":"GerarAmor &#8211; Conhecimento"},"content":{"rendered":"<div class=\"video-shortcode\"><iframe title=\"Ressignifica\u00e7\u00e3o do Trauma Perinatal com C\u00e1tia Vieira | Ep.15 - 2\u00aa Temporada\" width=\"1140\" height=\"641\" src=\"https:\/\/www.youtube.com\/embed\/RkvZfnJ9LkE?feature=oembed\" frameborder=\"0\" allow=\"accelerometer; autoplay; clipboard-write; encrypted-media; gyroscope; picture-in-picture; web-share\" referrerpolicy=\"strict-origin-when-cross-origin\" allowfullscreen><\/iframe><\/div>\n<p>&nbsp;<\/p>\n<div class=\"video-shortcode\"><iframe title=\"Maternal Power in the Resignification of Perinatal Memories by C\u00e1tia Vieira\" width=\"1140\" height=\"641\" src=\"https:\/\/www.youtube.com\/embed\/29JjiPNkHWQ?feature=oembed\" frameborder=\"0\" allow=\"accelerometer; autoplay; clipboard-write; encrypted-media; gyroscope; picture-in-picture; web-share\" referrerpolicy=\"strict-origin-when-cross-origin\" allowfullscreen><\/iframe><\/div>\n<p>&nbsp;<\/p>\n<div class=\"video-shortcode\"><iframe title=\"Gerar Amor da pr\u00e9-concep\u00e7\u00e3o at\u00e9 ao P\u00f3s-Parto| Conversas N&#039;Almofada #64 com C\u00e1tia Vieira\" width=\"1140\" height=\"641\" src=\"https:\/\/www.youtube.com\/embed\/6Na-XfLIva8?feature=oembed\" frameborder=\"0\" allow=\"accelerometer; autoplay; clipboard-write; encrypted-media; gyroscope; picture-in-picture; web-share\" referrerpolicy=\"strict-origin-when-cross-origin\" allowfullscreen><\/iframe><\/div>\n","protected":false},"excerpt":{"rendered":"<p>&nbsp; &nbsp;<\/p>\n","protected":false},"author":1,"featured_media":0,"parent":0,"menu_order":0,"comment_status":"closed","ping_status":"closed","template":"","meta":{"nf_dc_page":"","_monsterinsights_skip_tracking":false,"_monsterinsights_sitenote_active":false,"_monsterinsights_sitenote_note":"","_monsterinsights_sitenote_category":0,"footnotes":""},"class_list":["post-2034","page","type-page","status-publish","hentry"],"aioseo_notices":[],"jetpack_sharing_enabled":true,"_links":{"self":[{"href":"https:\/\/geraramor.com\/Catia-Vieira\/wp-json\/wp\/v2\/pages\/2034","targetHints":{"allow":["GET"]}}],"collection":[{"href":"https:\/\/geraramor.com\/Catia-Vieira\/wp-json\/wp\/v2\/pages"}],"about":[{"href":"https:\/\/geraramor.com\/Catia-Vieira\/wp-json\/wp\/v2\/types\/page"}],"author":[{"embeddable":true,"href":"https:\/\/geraramor.com\/Catia-Vieira\/wp-json\/wp\/v2\/users\/1"}],"replies":[{"embeddable":true,"href":"https:\/\/geraramor.com\/Catia-Vieira\/wp-json\/wp\/v2\/comments?post=2034"}],"version-history":[{"count":4,"href":"https:\/\/geraramor.com\/Catia-Vieira\/wp-json\/wp\/v2\/pages\/2034\/revisions"}],"predecessor-version":[{"id":2042,"href":"https:\/\/geraramor.com\/Catia-Vieira\/wp-json\/wp\/v2\/pages\/2034\/revisions\/2042"}],"wp:attachment":[{"href":"https:\/\/geraramor.com\/Catia-Vieira\/wp-json\/wp\/v2\/media?parent=2034"}],"curies":[{"name":"wp","href":"https:\/\/api.w.org\/{rel}","templated":true}]}}