{"id":2019,"date":"2024-08-05T21:01:15","date_gmt":"2024-08-05T21:01:15","guid":{"rendered":"https:\/\/geraramor.com\/Catia-Vieira\/?page_id=2019"},"modified":"2024-08-05T21:01:15","modified_gmt":"2024-08-05T21:01:15","slug":"cerebros-mae-filho-a-sua-conexao","status":"publish","type":"page","link":"https:\/\/geraramor.com\/Catia-Vieira\/cerebros-mae-filho-a-sua-conexao\/","title":{"rendered":"C\u00e9rebros m\u00e3e-filho, a sua conex\u00e3o"},"content":{"rendered":"<p><div class=\"fusion-fullwidth fullwidth-box fusion-builder-row-1 fusion-flex-container has-pattern-background has-mask-background fusion-parallax-none nonhundred-percent-fullwidth non-hundred-percent-height-scrolling lazyload\" style=\"--awb-background-position:center top;--awb-border-radius-top-left:0px;--awb-border-radius-top-right:0px;--awb-border-radius-bottom-right:0px;--awb-border-radius-bottom-left:0px;--awb-padding-top:13%;--awb-padding-bottom:0%;--awb-padding-top-small:45px;--awb-padding-bottom-small:55px;--awb-margin-bottom:0px;--awb-margin-top-small:0px;--awb-margin-bottom-small:0px;--awb-background-image:linear-gradient(0deg, hsla(var(--awb-color4-h),var(--awb-color4-s),var(--awb-color4-l),calc(var(--awb-color4-a) - 20%)) 0%,hsla(var(--awb-color8-h),var(--awb-color8-s),calc( var(--awb-color8-l) - 20% ),calc( var(--awb-color8-a) - 55% )) 39%);;--awb-background-size:cover;--awb-flex-wrap:wrap;\" data-bg=\"https:\/\/geraramor.com\/Catia-Vieira\/wp-content\/uploads\/2024\/08\/inteligencia_00.png\" data-bg-gradient=\"linear-gradient(0deg, hsla(var(--awb-color4-h),var(--awb-color4-s),var(--awb-color4-l),calc(var(--awb-color4-a) - 20%)) 0%,hsla(var(--awb-color8-h),var(--awb-color8-s),calc( var(--awb-color8-l) - 20% ),calc( var(--awb-color8-a) - 55% )) 39%)\" ><div class=\"fusion-builder-row fusion-row fusion-flex-align-items-flex-start fusion-flex-content-wrap\" style=\"max-width:calc( 1140px + 0px );margin-left: calc(-0px \/ 2 );margin-right: calc(-0px \/ 2 );\"><div class=\"fusion-layout-column fusion_builder_column fusion-builder-column-0 fusion_builder_column_1_1 1_1 fusion-flex-column\" style=\"--awb-bg-position:center center;--awb-bg-size:cover;--awb-width-large:100%;--awb-margin-top-large:0px;--awb-spacing-right-large:0px;--awb-margin-bottom-large:27px;--awb-spacing-left-large:0px;--awb-width-medium:100%;--awb-spacing-right-medium:0px;--awb-spacing-left-medium:0px;--awb-width-small:100%;--awb-spacing-right-small:0px;--awb-spacing-left-small:0px;\"><div class=\"fusion-column-wrapper fusion-column-has-shadow fusion-flex-justify-content-flex-start fusion-content-layout-column\"><div class=\"fusion-title title fusion-title-1 fusion-sep-none fusion-title-center fusion-title-text fusion-title-size-one\" style=\"--awb-margin-bottom:0px;--awb-margin-top-small:0px;--awb-margin-right-small:0px;--awb-margin-bottom-small:0px;--awb-margin-left-small:0px;\"><h1 class=\"fusion-title-heading title-heading-center fusion-responsive-typography-calculated\" style=\"margin:0;--fontSize:100;line-height:var(--awb-typography1-line-height);\">Estudos em destaque<\/h1><\/div><\/div><\/div><\/div><\/div><div class=\"fusion-fullwidth fullwidth-box fusion-builder-row-2 fusion-flex-container has-pattern-background has-mask-background fusion-parallax-none nonhundred-percent-fullwidth non-hundred-percent-height-scrolling fusion-no-small-visibility lazyload\" style=\"--awb-border-radius-top-left:0px;--awb-border-radius-top-right:0px;--awb-border-radius-bottom-right:0px;--awb-border-radius-bottom-left:0px;--awb-padding-top:6%;--awb-padding-bottom:6%;--awb-padding-top-small:50px;--awb-padding-bottom-small:50px;--awb-background-color:var(--awb-color5);--awb-background-image:linear-gradient(259deg, hsla(var(--awb-color8-h),var(--awb-color8-s),calc( var(--awb-color8-l) - 20% ),calc( var(--awb-color8-a) - 83% )) 18%,var(--awb-color5) 80%);;--awb-background-size:cover;--awb-flex-wrap:wrap;\" data-bg=\"https:\/\/geraramor.com\/Catia-Vieira\/wp-content\/uploads\/2024\/03\/group_meeting_ga.jpg\" data-bg-gradient=\"linear-gradient(259deg, hsla(var(--awb-color8-h),var(--awb-color8-s),calc( var(--awb-color8-l) - 20% ),calc( var(--awb-color8-a) - 83% )) 18%,var(--awb-color5) 80%)\" ><div class=\"fusion-builder-row fusion-row fusion-flex-align-items-flex-start fusion-flex-content-wrap\" style=\"max-width:1185.6px;margin-left: calc(-4% \/ 2 );margin-right: calc(-4% \/ 2 );\"><div class=\"fusion-layout-column fusion_builder_column fusion-builder-column-1 fusion_builder_column_1_1 1_1 fusion-flex-column fusion-animated\" style=\"--awb-padding-bottom:60px;--awb-bg-color:rgba(86,86,86,0.8);--awb-bg-color-hover:rgba(86,86,86,0.8);--awb-bg-size:cover;--awb-width-large:100%;--awb-margin-top-large:0px;--awb-spacing-right-large:1.92%;--awb-margin-bottom-large:0px;--awb-spacing-left-large:1.92%;--awb-width-medium:100%;--awb-spacing-right-medium:1.92%;--awb-spacing-left-medium:1.92%;--awb-width-small:100%;--awb-spacing-right-small:1.92%;--awb-spacing-left-small:1.92%;\" data-animationType=\"fadeInDown\" data-animationDuration=\"1.0\" data-animationOffset=\"top-into-view\"><div class=\"fusion-column-wrapper fusion-column-has-shadow fusion-flex-justify-content-flex-start fusion-content-layout-column\"><div class=\"fusion-title title fusion-title-2 fusion-sep-none fusion-title-center fusion-title-text fusion-title-size-two\" style=\"--awb-text-color:var(--awb-color1);--awb-margin-top-small:0px;--awb-margin-right-small:0px;--awb-margin-bottom-small:20px;--awb-margin-left-small:0px;\"><h2 class=\"fusion-title-heading title-heading-center fusion-responsive-typography-calculated\" style=\"margin:0;--fontSize:70;line-height:var(--awb-typography1-line-height);\"><p><span style=\"font-weight: 400;\">Os c\u00e9rebros da m\u00e3e e do beb\u00e9 formam uma \u00fanica rede<br \/>\n<\/span><span style=\"font-weight: 400;\">ainda mais se a m\u00e3e estiver feliz!<\/span><\/p><\/h2><\/div><div class=\"fusion-builder-row fusion-builder-row-inner fusion-row fusion-flex-align-items-flex-start fusion-flex-content-wrap\" style=\"--awb-flex-grow:0;--awb-flex-grow-medium:0;--awb-flex-grow-small:0;--awb-flex-shrink:0;--awb-flex-shrink-medium:0;--awb-flex-shrink-small:0;width:104% !important;max-width:104% !important;margin-left: calc(-4% \/ 2 );margin-right: calc(-4% \/ 2 );\"><div class=\"fusion-layout-column fusion_builder_column_inner fusion-builder-nested-column-0 fusion_builder_column_inner_1_6 1_6 fusion-flex-column\" style=\"--awb-bg-color:rgba(255,255,255,0);--awb-bg-color-hover:rgba(255,255,255,0);--awb-bg-size:cover;--awb-width-large:16.666666666667%;--awb-margin-top-large:0px;--awb-spacing-right-large:11.52%;--awb-margin-bottom-large:0px;--awb-spacing-left-large:11.52%;--awb-width-medium:100%;--awb-spacing-right-medium:1.92%;--awb-spacing-left-medium:1.92%;--awb-width-small:100%;--awb-spacing-right-small:1.92%;--awb-spacing-left-small:1.92%;\"><div class=\"fusion-column-wrapper fusion-column-has-shadow fusion-flex-justify-content-flex-start fusion-content-layout-column\"><\/div><\/div><div class=\"fusion-layout-column fusion_builder_column_inner fusion-builder-nested-column-1 fusion_builder_column_inner_2_3 2_3 fusion-flex-column\" style=\"--awb-bg-size:cover;--awb-width-large:66.666666666667%;--awb-margin-top-large:0px;--awb-spacing-right-large:2.88%;--awb-margin-bottom-large:0px;--awb-spacing-left-large:2.88%;--awb-width-medium:100%;--awb-spacing-right-medium:1.92%;--awb-spacing-left-medium:1.92%;--awb-width-small:100%;--awb-spacing-right-small:1.92%;--awb-spacing-left-small:1.92%;\"><div class=\"fusion-column-wrapper fusion-column-has-shadow fusion-flex-justify-content-flex-start fusion-content-layout-column\"><div class=\"fusion-text fusion-text-1\" style=\"--awb-content-alignment:justify;--awb-text-color:var(--awb-color1);\"><p>Os c\u00e9rebros das m\u00e3es e dos seus beb\u00e9s sincronizam-se mais facilmente quando a m\u00e3e est\u00e1 feliz, de acordo com um novo estudo da Universidade de Cambridge. Os investigadores descobriram que os c\u00e9rebros de uma m\u00e3e e do seu filho formam uma megateia onde as ondas cerebrais se alinham, o que permite uma melhor conex\u00e3o e empatia. Mas o n\u00edvel de conectividade depende do estado emocional da m\u00e3e. Quando as m\u00e3es sentem emo\u00e7\u00f5es mais positivas, a liga\u00e7\u00e3o c\u00e9rebro-c\u00e9rebro \u00e9 mais forte.<\/p>\n<p>A investiga\u00e7\u00e3o, publicada na revista NeuroImage, utilizou um m\u00e9todo chamado eletroencefalograma duplo para observar as m\u00e3es e os seus beb\u00e9s enquanto interagiam. Descobriram que as ondas cerebrais da m\u00e3e e do beb\u00e9 tendem a sincronizar-se, um efeito conhecido como conectividade neural interpessoal, particularmente na frequ\u00eancia de 6 a 9 Hertz, a gama alfa do beb\u00e9.<\/p>\n<p>Observando a qualidade e a estrutura da conectividade neural interpessoal utilizando um m\u00e9todo matem\u00e1tico de an\u00e1lise de redes, os investigadores descrevem como a informa\u00e7\u00e3o flui separadamente nos c\u00e9rebros e tamb\u00e9m como ambos os c\u00e9rebros agiam em conjunto como uma rede.<\/p>\n<p>As m\u00e3es e os seus beb\u00e9s passam muito tempo juntos, num ambiente emocional positivo (o amor um pelo outro), no qual os seus c\u00e9rebros est\u00e3o altamente conectados. O estudo descobriu que a intera\u00e7\u00e3o positiva, com contacto visual abundante, melhora a capacidade cerebral materna e infantil de atuar como um sistema \u00fanico, criando um fluxo eficiente de informa\u00e7\u00e3o e troca entre m\u00e3e e filho.<\/p>\n<p>\u201cA partir das nossas pesquisas anteriores, sabemos que quando as liga\u00e7\u00f5es neurais entre as m\u00e3es e os beb\u00e9s s\u00e3o fortes, os beb\u00e9s est\u00e3o mais recetivos e mais preparados para aprender com as suas m\u00e3es\u201d, disse a Dra. Vicky Leong, diretora do estudo, do Departamento de Psicologia da Universidade de Cambridge . Neste momento de desenvolvimento, o c\u00e9rebro infantil tem a capacidade de mudar significativamente, e estas mudan\u00e7as s\u00e3o apoiadas pelas experi\u00eancias do beb\u00e9. Utilizando um ambiente emocional positivo e o contacto visual, os pais podem conectar-se melhor com os seus beb\u00e9s, o que estimula o seu desenvolvimento e capacidade mental.<\/p>\n<p>Os resultados sugerem ainda que os beb\u00e9s de m\u00e3es com depress\u00e3o podem apresentar menores capacidades de aprendizagem devido a uma liga\u00e7\u00e3o neural mais fraca com a m\u00e3e. As m\u00e3es que passam por um estado mental negativo persistente devido \u00e0 depress\u00e3o cl\u00ednica cont\u00ednua tendem a interagir menos com os seus beb\u00e9s. Muitas vezes falam de uma forma mais mon\u00f3tona, oferecem muito menos contacto visual e tendem a responder com menos frequ\u00eancia quando os seus beb\u00e9s tentam chamar a sua aten\u00e7\u00e3o.<\/p>\n<p>As nossas emo\u00e7\u00f5es mudam literalmente a forma como o nosso c\u00e9rebro troca informa\u00e7\u00f5es com outras pessoas; as emo\u00e7\u00f5es positivas ajudam-nos a comunicar de uma forma muito mais eficiente\u201d, afirmou o Dr. Leong. \u201cA depress\u00e3o pode ter um efeito negativo poderoso na capacidade dos pais de se ligarem \u00e0 sua criatura. Todos os sinais sociais que normalmente favorecem a liga\u00e7\u00e3o est\u00e3o menos dispon\u00edveis para a crian\u00e7a, pelo que n\u00e3o recebe o apoio emocional ideal necess\u00e1rio para prosperar.\u201d<\/p>\n<p>A comunica\u00e7\u00e3o emocional entre pais e beb\u00e9s \u00e9 crucial durante os primeiros anos de vida, mas sabemos pouco sobre a sua base neural. Este \u00e9 o primeiro estudo que relaciona ondas cerebrais de duas pessoas relacionadas para investigar se a conectividade neural interpessoal dos beb\u00e9s com as suas m\u00e3es pode ser afectada pela qualidade emocional da sua interac\u00e7\u00e3o social, e de que forma.<\/p>\n<p>A comunidade de sa\u00fade deve ter as ferramentas para reconhecer, diagnosticar e gerir a depress\u00e3o nas m\u00e3es, incluindo, claro, a depress\u00e3o p\u00f3s-parto, n\u00e3o s\u00f3 para apoiar o bem-estar emocional e mental da m\u00e3e, mas tamb\u00e9m para proteger o desenvolvimento do o seu beb\u00e9. Proteger a d\u00edade e este interc\u00e2mbio emocional crucial entre eles deve ser uma prioridade para qualquer pessoa que trabalhe com fam\u00edlias.<\/p>\n<p style=\"text-align: left;\"><span style=\"color: var(--awb-text-color); font-family: var(--awb-text-font-family); font-size: var(--awb-font-size); font-style: var(--awb-text-font-style); font-weight: var(--awb-text-font-weight); letter-spacing: var(--awb-letter-spacing); text-align: var(--awb-content-alignment); text-transform: var(--awb-text-transform); background-color: var(--awb-bg-color-hover);\">Sendo uma esp\u00e9cie social, os humanos partilham os seus estados emocionais com outras pessoas. Esta pesquisa mostra como as emo\u00e7\u00f5es alteram a liga\u00e7\u00e3o entre dois indiv\u00edduos a n\u00edvel neural. Isto tamb\u00e9m pode ocorrer noutras rela\u00e7\u00f5es pr\u00f3ximas, como em casais, amigos pr\u00f3ximos, irm\u00e3os&#8230; \u00c9 prov\u00e1vel que o efeito possa ser aumentado pelo qu\u00e3o bem se conhecem e qu\u00e3o elevado \u00e9 o n\u00edvel de confian\u00e7a.<\/span><\/p>\n<p style=\"text-align: left;\"><span style=\"color: var(--awb-text-color); font-family: var(--awb-text-font-family); font-size: var(--awb-font-size); font-style: var(--awb-text-font-style); font-weight: var(--awb-text-font-weight); letter-spacing: var(--awb-letter-spacing); text-transform: var(--awb-text-transform); background-color: var(--awb-bg-color-hover);\">\u00a0<\/span><\/p>\n<p style=\"text-align: left;\"><span style=\"color: var(--awb-text-color); font-family: var(--awb-text-font-family); font-size: var(--awb-font-size); font-style: var(--awb-text-font-style); font-weight: var(--awb-text-font-weight); letter-spacing: var(--awb-letter-spacing); text-transform: var(--awb-text-transform); background-color: var(--awb-bg-color-hover);\">Texto original: <\/span><span style=\"color: var(--awb-text-color); font-family: var(--awb-text-font-family); font-size: var(--awb-font-size); font-style: var(--awb-text-font-style); letter-spacing: var(--awb-letter-spacing); text-transform: var(--awb-text-transform); background-color: var(--awb-bg-color-hover);\"><b><a href=\"https:\/\/eipmh.com\/mother-and-babys-brain-form-single-network-more-so-if-shes-happy\/\" target=\"_blank\" rel=\"noopener noreferrer\">European Institute of Perinatal Mental Health<\/a><\/b><\/span><\/p>\n<\/div><\/div><\/div><div class=\"fusion-layout-column fusion_builder_column_inner fusion-builder-nested-column-2 fusion_builder_column_inner_1_6 1_6 fusion-flex-column\" style=\"--awb-bg-size:cover;--awb-width-large:16.666666666667%;--awb-margin-top-large:0px;--awb-spacing-right-large:11.52%;--awb-margin-bottom-large:0px;--awb-spacing-left-large:11.52%;--awb-width-medium:100%;--awb-spacing-right-medium:1.92%;--awb-spacing-left-medium:1.92%;--awb-width-small:100%;--awb-spacing-right-small:1.92%;--awb-spacing-left-small:1.92%;\"><div class=\"fusion-column-wrapper fusion-column-has-shadow fusion-flex-justify-content-flex-start fusion-content-layout-column\"><\/div><\/div><\/div><\/div><\/div><\/div><\/div><div class=\"fusion-fullwidth fullwidth-box fusion-builder-row-3 fusion-flex-container has-pattern-background has-mask-background nonhundred-percent-fullwidth non-hundred-percent-height-scrolling fusion-no-medium-visibility fusion-no-large-visibility\" style=\"--awb-border-radius-top-left:0px;--awb-border-radius-top-right:0px;--awb-border-radius-bottom-right:0px;--awb-border-radius-bottom-left:0px;--awb-padding-top:6%;--awb-padding-bottom:6%;--awb-padding-top-small:50px;--awb-padding-bottom-small:50px;--awb-background-color:var(--awb-color5);--awb-background-color-small:rgba(211,185,232,0);--awb-background-image:radial-gradient(circle at center center, #230051 0%,var(--awb-color4) 92%);--awb-flex-wrap:wrap;\" ><div class=\"fusion-builder-row fusion-row fusion-flex-align-items-flex-start fusion-flex-content-wrap\" style=\"max-width:1185.6px;margin-left: calc(-4% \/ 2 );margin-right: calc(-4% \/ 2 );\"><div class=\"fusion-layout-column fusion_builder_column fusion-builder-column-2 fusion_builder_column_1_1 1_1 fusion-flex-column fusion-no-medium-visibility fusion-no-large-visibility\" style=\"--awb-padding-bottom:60px;--awb-padding-bottom-small:0px;--awb-bg-color-small:rgba(51,51,51,0);--awb-bg-size:cover;--awb-width-large:100%;--awb-margin-top-large:0px;--awb-spacing-right-large:1.92%;--awb-margin-bottom-large:0px;--awb-spacing-left-large:1.92%;--awb-width-medium:100%;--awb-spacing-right-medium:1.92%;--awb-spacing-left-medium:1.92%;--awb-width-small:100%;--awb-spacing-right-small:1.92%;--awb-margin-bottom-small:0px;--awb-spacing-left-small:0.96%;\"><div class=\"fusion-column-wrapper fusion-column-has-shadow fusion-flex-justify-content-flex-start fusion-content-layout-column\"><div class=\"fusion-title title fusion-title-3 fusion-sep-none fusion-title-center fusion-title-text fusion-title-size-two\" style=\"--awb-text-color:var(--awb-color1);--awb-margin-top:-30px;--awb-margin-top-small:0px;--awb-margin-right-small:0px;--awb-margin-bottom-small:20px;--awb-margin-left-small:0px;\"><h2 class=\"fusion-title-heading title-heading-center fusion-responsive-typography-calculated\" style=\"margin:0;--fontSize:70;line-height:var(--awb-typography1-line-height);\">Miss\u00e3o &amp; Valores<\/h2><\/div><div class=\"fusion-builder-row fusion-builder-row-inner fusion-row fusion-flex-align-items-flex-start fusion-flex-content-wrap\" style=\"--awb-flex-grow:0;--awb-flex-grow-medium:0;--awb-flex-grow-small:0;--awb-flex-shrink:0;--awb-flex-shrink-medium:0;--awb-flex-shrink-small:0;width:104% !important;max-width:104% !important;margin-left: calc(-4% \/ 2 );margin-right: calc(-4% \/ 2 );\"><div class=\"fusion-layout-column fusion_builder_column_inner fusion-builder-nested-column-3 fusion_builder_column_inner_1_6 1_6 fusion-flex-column\" style=\"--awb-bg-color-small:rgba(0,0,0,0);--awb-bg-size:cover;--awb-width-large:16.666666666667%;--awb-margin-top-large:0px;--awb-spacing-right-large:11.52%;--awb-margin-bottom-large:0px;--awb-spacing-left-large:11.52%;--awb-width-medium:100%;--awb-spacing-right-medium:1.92%;--awb-spacing-left-medium:1.92%;--awb-width-small:100%;--awb-spacing-right-small:1.92%;--awb-spacing-left-small:1.92%;\"><div class=\"fusion-column-wrapper fusion-column-has-shadow fusion-flex-justify-content-flex-start fusion-content-layout-column\"><\/div><\/div><div class=\"fusion-layout-column fusion_builder_column_inner fusion-builder-nested-column-4 fusion_builder_column_inner_2_3 2_3 fusion-flex-column\" style=\"--awb-bg-size:cover;--awb-width-large:66.666666666667%;--awb-margin-top-large:0px;--awb-spacing-right-large:2.88%;--awb-margin-bottom-large:0px;--awb-spacing-left-large:2.88%;--awb-width-medium:100%;--awb-spacing-right-medium:1.92%;--awb-spacing-left-medium:1.92%;--awb-width-small:100%;--awb-spacing-right-small:1.92%;--awb-spacing-left-small:1.92%;\"><div class=\"fusion-column-wrapper fusion-column-has-shadow fusion-flex-justify-content-flex-start fusion-content-layout-column\"><div class=\"fusion-text fusion-text-2\" style=\"--awb-content-alignment:center;--awb-text-color:var(--awb-color1);\"><p><span style=\"font-weight: 400;\">Na <strong>Geraramor<\/strong>, compreendemos profundamente a delicadeza e a sacralidade do in\u00edcio da vida de cada beb\u00e9 que integra uma fam\u00edlia com a sua pr\u00f3pria hist\u00f3ria e gen\u00e9tica. Esta fase \u00e9 fundamental de ser vivida com tranquilidade, seguran\u00e7a, harmonia e sa\u00fade, de forma a que a mulher que vai ser m\u00e3e e o homem que se torna pai, possam ter os recursos necess\u00e1rios para receberem e cuidarem dos seus filhos com sabedoria e amorosidade, para que nunca se desconectem da sua ess\u00eancia e possam ser quem s\u00e3o. Assim contr\u00edbuimos para a constru\u00e7\u00e3o de uma humanidade repleta de amor, paz, fraternidade e sa\u00fade &#8211; uma fam\u00edlia de cada vez.<\/span><\/p>\n<h3><b>\u00a0<\/b><\/h3>\n<h3><b>MISS\u00c3O<\/b><b><\/b><\/h3>\n<p><span style=\"font-weight: 400;\">A nossa <\/span><b>miss\u00e3o<\/b><span style=\"font-weight: 400;\"> centra-se assim em preparar a chegada do beb\u00e9, consciencializando o casal dos detalhes psico-emocionais e da din\u00e2mica de ter um beb\u00e9. E guiando a m\u00e3e num processo de empoderamento, na ressignifica\u00e7\u00e3o da sua pr\u00f3pria inf\u00e2ncia, na descoberta das cren\u00e7as que a libertam para que possa realizar a gravidez, o parto, e a maternidade que deseja e assim desfrutar mais do processo com o seu beb\u00e9, em fam\u00edlia.<\/span><\/p>\n<p><span style=\"font-weight: 400;\">Na Geraramor, facilitamos o nascimento do novo SER e o renascimento dos novos pais, oferecendo o nosso conhecimento, experi\u00eancia e expertise para tornar cada processo de Transi\u00e7\u00e3o do beb\u00e9 e da fam\u00edlia, mais Suave, procurando minimizar o impacto e ressignificar as experi\u00eancias imprevis\u00edveis e dif\u00edceis, inerentes ao processo na m\u00e3e-beb\u00e9.<\/span><\/p>\n<p><span style=\"font-weight: 400;\">N\u00e3o \u00e9 somente por mim, nem por ti, mas por TODA a humanidade que conscientizamos sobre a import\u00e2ncia do Inic\u00edo da Vida: um beb\u00e9 e uma fam\u00edlia de cada vez.<\/span><\/p>\n<h3><b>VALORES<\/b><\/h3>\n<h3><b>Empatia e Sensibilidade<\/b><\/h3>\n<p><span style=\"font-weight: 400;\">Nosso compromisso \u00e9 com a empatia e a sensibilidade, reconhecendo a singularidade de cada trajet\u00f3ria. Compreendemos que cada m\u00e3e e pai possuem capacidades inatas que, desde a pr\u00e9-concep\u00e7\u00e3o, podem ser potencializadas para vivenciar a jornada da maternidade e paternidade de forma aut\u00eantica, prazerosa e empoderada.<\/span><\/p>\n<h3><b>Conex\u00e3o e V\u00ednculo Seguro<\/b><\/h3>\n<p><span style=\"font-weight: 400;\">Acreditamos que ao fortalecermos essa conex\u00e3o entre pais e beb\u00e9, estamos tamb\u00e9m refor\u00e7ando um v\u00ednculo seguro, essencial para a sa\u00fade mental e emocional das futuras gera\u00e7\u00f5es. Esse per\u00edodo \u00e9 um portal inigual\u00e1vel de conscientiza\u00e7\u00e3o, crescimento pessoal e cura transgeracional.<\/span><\/p>\n<h3><b>Decis\u00f5es Informadas e Personaliza\u00e7\u00e3o de Cuidados<\/b><\/h3>\n<p><span style=\"font-weight: 400;\">Na nossa abordagem, valorizamos a evid\u00eancia cient\u00edfica atual, juntamente com a experi\u00eancia e sabedoria profissional. A personaliza\u00e7\u00e3o de cuidados \u00e9 central para n\u00f3s, entendendo que cada fase \u2013 desde a pr\u00e9-concep\u00e7\u00e3o at\u00e9 o p\u00f3s-parto \u2013 traz desafios \u00fanicos. A tomada de decis\u00f5es informadas, tendo em conta a proximidade e a comunica\u00e7\u00e3o aut\u00eantica, \u00e9 vital em cada etapa desta jornada.<\/span><\/p>\n<h3><b>Integra\u00e7\u00e3o, Capacita\u00e7\u00e3o e Empoderamento<\/b><\/h3>\n<p><span style=\"font-weight: 400;\">Unimos ci\u00eancia e espiritualidade, olhando para o ser humano em todas as suas dimens\u00f5es. Nosso objetivo \u00e9 capacitar pais e cuidadores, promovendo a integra\u00e7\u00e3o de todos os aspectos da vida. Ao faz\u00ea-lo, empoderamos cada indiv\u00edduo, respeitando sua autenticidade e dignidade.<\/span><\/p>\n<h3><b>Sororidade e Respeito<\/b><\/h3>\n<p><span style=\"font-weight: 400;\">Promovemos a sororidade feminina, uma irmandade que se baseia no respeito m\u00fatuo e na valoriza\u00e7\u00e3o da mulher. Reconhecemos a import\u00e2ncia do ambiente, da hist\u00f3ria pessoal e da busca constante pela supera\u00e7\u00e3o e adapta\u00e7\u00e3o aos diversos desafios que surgem.<\/span><\/p>\n<p><b>Na GerarAmor facilitamos os recursos para que o beb\u00e9 possa ser concebido, gestado, nascido e criado pleno do seu potencial!<\/b><\/p>\n<\/div><\/div><\/div><div class=\"fusion-layout-column fusion_builder_column_inner fusion-builder-nested-column-5 fusion_builder_column_inner_1_6 1_6 fusion-flex-column\" style=\"--awb-bg-size:cover;--awb-width-large:16.666666666667%;--awb-margin-top-large:0px;--awb-spacing-right-large:11.52%;--awb-margin-bottom-large:0px;--awb-spacing-left-large:11.52%;--awb-width-medium:100%;--awb-spacing-right-medium:1.92%;--awb-spacing-left-medium:1.92%;--awb-width-small:100%;--awb-spacing-right-small:1.92%;--awb-spacing-left-small:1.92%;\"><div class=\"fusion-column-wrapper fusion-column-has-shadow fusion-flex-justify-content-flex-start fusion-content-layout-column\"><\/div><\/div><\/div><\/div><\/div><\/div><\/div><\/p>\n","protected":false},"excerpt":{"rendered":"","protected":false},"author":1,"featured_media":0,"parent":0,"menu_order":0,"comment_status":"closed","ping_status":"closed","template":"100-width.php","meta":{"nf_dc_page":"","_monsterinsights_skip_tracking":false,"_monsterinsights_sitenote_active":false,"_monsterinsights_sitenote_note":"","_monsterinsights_sitenote_category":0,"footnotes":""},"class_list":["post-2019","page","type-page","status-publish","hentry"],"aioseo_notices":[],"jetpack_sharing_enabled":true,"_links":{"self":[{"href":"https:\/\/geraramor.com\/Catia-Vieira\/wp-json\/wp\/v2\/pages\/2019","targetHints":{"allow":["GET"]}}],"collection":[{"href":"https:\/\/geraramor.com\/Catia-Vieira\/wp-json\/wp\/v2\/pages"}],"about":[{"href":"https:\/\/geraramor.com\/Catia-Vieira\/wp-json\/wp\/v2\/types\/page"}],"author":[{"embeddable":true,"href":"https:\/\/geraramor.com\/Catia-Vieira\/wp-json\/wp\/v2\/users\/1"}],"replies":[{"embeddable":true,"href":"https:\/\/geraramor.com\/Catia-Vieira\/wp-json\/wp\/v2\/comments?post=2019"}],"version-history":[{"count":3,"href":"https:\/\/geraramor.com\/Catia-Vieira\/wp-json\/wp\/v2\/pages\/2019\/revisions"}],"predecessor-version":[{"id":2024,"href":"https:\/\/geraramor.com\/Catia-Vieira\/wp-json\/wp\/v2\/pages\/2019\/revisions\/2024"}],"wp:attachment":[{"href":"https:\/\/geraramor.com\/Catia-Vieira\/wp-json\/wp\/v2\/media?parent=2019"}],"curies":[{"name":"wp","href":"https:\/\/api.w.org\/{rel}","templated":true}]}}