{"id":2002,"date":"2024-08-05T20:27:25","date_gmt":"2024-08-05T20:27:25","guid":{"rendered":"https:\/\/geraramor.com\/Catia-Vieira\/?page_id=2002"},"modified":"2024-08-05T21:02:43","modified_gmt":"2024-08-05T21:02:43","slug":"o-vinculo-mae-bebe-e-a-inteligencia-do-coracao","status":"publish","type":"page","link":"https:\/\/geraramor.com\/Catia-Vieira\/o-vinculo-mae-bebe-e-a-inteligencia-do-coracao\/","title":{"rendered":"O v\u00ednculo m\u00e3e-beb\u00e9 e a intelig\u00eancia do cora\u00e7\u00e3o"},"content":{"rendered":"<p><div class=\"fusion-fullwidth fullwidth-box fusion-builder-row-1 fusion-flex-container fusion-parallax-none nonhundred-percent-fullwidth non-hundred-percent-height-scrolling lazyload\" style=\"--awb-background-position:center top;--awb-border-radius-top-left:0px;--awb-border-radius-top-right:0px;--awb-border-radius-bottom-right:0px;--awb-border-radius-bottom-left:0px;--awb-padding-top:13%;--awb-padding-bottom:0%;--awb-padding-top-small:45px;--awb-padding-bottom-small:55px;--awb-margin-bottom:0px;--awb-margin-top-small:0px;--awb-margin-bottom-small:0px;--awb-background-image:linear-gradient(0deg, hsla(var(--awb-color4-h),var(--awb-color4-s),var(--awb-color4-l),calc(var(--awb-color4-a) - 20%)) 0%,hsla(var(--awb-color8-h),var(--awb-color8-s),calc( var(--awb-color8-l) - 20% ),calc( var(--awb-color8-a) - 55% )) 39%);;--awb-background-size:cover;--awb-flex-wrap:wrap;\" data-bg=\"https:\/\/geraramor.com\/Catia-Vieira\/wp-content\/uploads\/2024\/08\/inteligencia_00.png\" data-bg-gradient=\"linear-gradient(0deg, hsla(var(--awb-color4-h),var(--awb-color4-s),var(--awb-color4-l),calc(var(--awb-color4-a) - 20%)) 0%,hsla(var(--awb-color8-h),var(--awb-color8-s),calc( var(--awb-color8-l) - 20% ),calc( var(--awb-color8-a) - 55% )) 39%)\" ><div class=\"fusion-builder-row fusion-row fusion-flex-align-items-flex-start fusion-flex-content-wrap\" style=\"max-width:calc( 1140px + 0px );margin-left: calc(-0px \/ 2 );margin-right: calc(-0px \/ 2 );\"><div class=\"fusion-layout-column fusion_builder_column fusion-builder-column-0 fusion_builder_column_1_1 1_1 fusion-flex-column\" style=\"--awb-bg-position:center center;--awb-bg-size:cover;--awb-width-large:100%;--awb-margin-top-large:0px;--awb-spacing-right-large:0px;--awb-margin-bottom-large:27px;--awb-spacing-left-large:0px;--awb-width-medium:100%;--awb-spacing-right-medium:0px;--awb-spacing-left-medium:0px;--awb-width-small:100%;--awb-spacing-right-small:0px;--awb-spacing-left-small:0px;\"><div class=\"fusion-column-wrapper fusion-column-has-shadow fusion-flex-justify-content-flex-start fusion-content-layout-column\"><div class=\"fusion-title title fusion-title-1 fusion-sep-none fusion-title-center fusion-title-text fusion-title-size-one\" style=\"--awb-margin-bottom:0px;--awb-margin-top-small:0px;--awb-margin-right-small:0px;--awb-margin-bottom-small:0px;--awb-margin-left-small:0px;\"><h1 class=\"fusion-title-heading title-heading-center fusion-responsive-typography-calculated\" style=\"margin:0;--fontSize:100;line-height:var(--awb-typography1-line-height);\">Estudos em destaque<\/h1><\/div><\/div><\/div><\/div><\/div><div class=\"fusion-fullwidth fullwidth-box fusion-builder-row-2 fusion-flex-container has-pattern-background has-mask-background fusion-parallax-none nonhundred-percent-fullwidth non-hundred-percent-height-scrolling fusion-no-small-visibility lazyload\" style=\"--awb-border-radius-top-left:0px;--awb-border-radius-top-right:0px;--awb-border-radius-bottom-right:0px;--awb-border-radius-bottom-left:0px;--awb-padding-top:6%;--awb-padding-bottom:6%;--awb-padding-top-small:50px;--awb-padding-bottom-small:50px;--awb-background-color:var(--awb-color5);--awb-background-image:linear-gradient(259deg, hsla(var(--awb-color8-h),var(--awb-color8-s),calc( var(--awb-color8-l) - 20% ),calc( var(--awb-color8-a) - 83% )) 18%,var(--awb-color5) 80%);;--awb-background-size:cover;--awb-flex-wrap:wrap;\" data-bg=\"https:\/\/geraramor.com\/Catia-Vieira\/wp-content\/uploads\/2024\/03\/group_meeting_ga.jpg\" data-bg-gradient=\"linear-gradient(259deg, hsla(var(--awb-color8-h),var(--awb-color8-s),calc( var(--awb-color8-l) - 20% ),calc( var(--awb-color8-a) - 83% )) 18%,var(--awb-color5) 80%)\" ><div class=\"fusion-builder-row fusion-row fusion-flex-align-items-flex-start fusion-flex-content-wrap\" style=\"max-width:1185.6px;margin-left: calc(-4% \/ 2 );margin-right: calc(-4% \/ 2 );\"><div class=\"fusion-layout-column fusion_builder_column fusion-builder-column-1 fusion_builder_column_1_1 1_1 fusion-flex-column fusion-animated\" style=\"--awb-padding-bottom:60px;--awb-bg-color:rgba(86,86,86,0.8);--awb-bg-color-hover:rgba(86,86,86,0.8);--awb-bg-size:cover;--awb-width-large:100%;--awb-margin-top-large:0px;--awb-spacing-right-large:1.92%;--awb-margin-bottom-large:0px;--awb-spacing-left-large:1.92%;--awb-width-medium:100%;--awb-spacing-right-medium:1.92%;--awb-spacing-left-medium:1.92%;--awb-width-small:100%;--awb-spacing-right-small:1.92%;--awb-spacing-left-small:1.92%;\" data-animationType=\"fadeInDown\" data-animationDuration=\"1.0\" data-animationOffset=\"top-into-view\"><div class=\"fusion-column-wrapper fusion-column-has-shadow fusion-flex-justify-content-flex-start fusion-content-layout-column\"><div class=\"fusion-title title fusion-title-2 fusion-sep-none fusion-title-center fusion-title-text fusion-title-size-two\" style=\"--awb-text-color:var(--awb-color1);--awb-margin-top-small:0px;--awb-margin-right-small:0px;--awb-margin-bottom-small:20px;--awb-margin-left-small:0px;\"><h2 class=\"fusion-title-heading title-heading-center fusion-responsive-typography-calculated\" style=\"margin:0;--fontSize:70;line-height:var(--awb-typography1-line-height);\"><h3><span style=\"font-weight: 400;\">O v\u00ednculo m\u00e3e-beb\u00e9 e a intelig\u00eancia do cora\u00e7\u00e3o<\/span><\/h3><\/h2><\/div><div class=\"fusion-builder-row fusion-builder-row-inner fusion-row fusion-flex-align-items-flex-start fusion-flex-content-wrap\" style=\"--awb-flex-grow:0;--awb-flex-grow-medium:0;--awb-flex-grow-small:0;--awb-flex-shrink:0;--awb-flex-shrink-medium:0;--awb-flex-shrink-small:0;width:104% !important;max-width:104% !important;margin-left: calc(-4% \/ 2 );margin-right: calc(-4% \/ 2 );\"><div class=\"fusion-layout-column fusion_builder_column_inner fusion-builder-nested-column-0 fusion_builder_column_inner_1_6 1_6 fusion-flex-column\" style=\"--awb-bg-color:rgba(255,255,255,0);--awb-bg-color-hover:rgba(255,255,255,0);--awb-bg-size:cover;--awb-width-large:16.666666666667%;--awb-margin-top-large:0px;--awb-spacing-right-large:11.52%;--awb-margin-bottom-large:0px;--awb-spacing-left-large:11.52%;--awb-width-medium:100%;--awb-spacing-right-medium:1.92%;--awb-spacing-left-medium:1.92%;--awb-width-small:100%;--awb-spacing-right-small:1.92%;--awb-spacing-left-small:1.92%;\"><div class=\"fusion-column-wrapper fusion-column-has-shadow fusion-flex-justify-content-flex-start fusion-content-layout-column\"><\/div><\/div><div class=\"fusion-layout-column fusion_builder_column_inner fusion-builder-nested-column-1 fusion_builder_column_inner_2_3 2_3 fusion-flex-column\" style=\"--awb-bg-size:cover;--awb-width-large:66.666666666667%;--awb-margin-top-large:0px;--awb-spacing-right-large:2.88%;--awb-margin-bottom-large:0px;--awb-spacing-left-large:2.88%;--awb-width-medium:100%;--awb-spacing-right-medium:1.92%;--awb-spacing-left-medium:1.92%;--awb-width-small:100%;--awb-spacing-right-small:1.92%;--awb-spacing-left-small:1.92%;\"><div class=\"fusion-column-wrapper fusion-column-has-shadow fusion-flex-justify-content-flex-start fusion-content-layout-column\"><div class=\"fusion-text fusion-text-1\" style=\"--awb-content-alignment:justify;--awb-text-color:var(--awb-color1);\"><p style=\"text-align: left;\">Este breve programa de nove minutos pode ser o mais importante que voc\u00ea, como m\u00e3e, pai ou cuidador, alguma vez ver\u00e1.<\/p>\n<p style=\"text-align: left;\">A liga\u00e7\u00e3o \u00e9 muito mais do que \u201cpensamos\u201d. \u00c9 uma resson\u00e2ncia harm\u00f3nica coerente de um cora\u00e7\u00e3o para outro. A natureza e a qualidade do estado emocional da m\u00e3e transmitido atrav\u00e9s da energia do seu cora\u00e7\u00e3o tem uma influ\u00eancia profunda em todas as fases do desenvolvimento f\u00edsico, emocional e intelectual dos seus beb\u00e9s ainda n\u00e3o nascidos e rec\u00e9m-nascidos.\u201d<\/p>\n<p style=\"text-align: left;\">O trabalho de Joseph Chilton Pearce \u00e9 apresentado na Kindred em colabora\u00e7\u00e3o com a Touch the Future, sede da Biblioteca Joseph Chilton Pearce. At\u00e9 65% das c\u00e9lulas do cora\u00e7\u00e3o s\u00e3o neur\u00f3nios iguais aos que se encontram no c\u00e9rebro. Existe uma neuroconex\u00e3o direta e n\u00e3o mediada, um canal direto, entre o cora\u00e7\u00e3o e o c\u00e9rebro.<\/p>\n<p style=\"text-align: left;\">O c\u00e9rebro informa o cora\u00e7\u00e3o sobre o seu estado emocional geral e o cora\u00e7\u00e3o incentiva o c\u00e9rebro a dar uma resposta inteligente. Poetas e s\u00e1bios t\u00eam dito isso sobre o cora\u00e7\u00e3o ao longo dos tempos. O campo emergente da Neurocardiologia e a investiga\u00e7\u00e3o do Institute of HeartMath colocam a intelig\u00eancia do cora\u00e7\u00e3o no campo da biologia, ao qual pertence. Cada fase do batimento card\u00edaco cria a sua pr\u00f3pria parte do campo de afeto que envolve o corpo.<\/p>\n<p style=\"text-align: left;\">O primeiro \u00e9 muito curto, pr\u00f3ximo do cora\u00e7\u00e3o. O pr\u00f3ximo irradia pelo menos um metro e \u00e9 muito potente. O terceiro campo estende-se de tr\u00eas a quatro metros e meio do corpo. \u00c9 f\u00e1cil perceber que o campo de uma pessoa se sobrep\u00f5e muitas vezes ao de outra. Quando dois campos se sobrep\u00f5em, interagem. Este campo ressonante de afeto est\u00e1 presente em todas as rela\u00e7\u00f5es, mas \u00e9 particularmente importante para as m\u00e3es e para os beb\u00e9s. O significado dos campos partilhados pela m\u00e3e e pelo beb\u00e9 cont\u00e9m uma grande quantidade de informa\u00e7\u00e3o cr\u00edtica para ambos.<\/p>\n<p style=\"text-align: left;\">O facto de os campos card\u00edacos interagirem e serem arrastados \u00e9 um facto cient\u00edfico preciso e mensur\u00e1vel. A amplitude e o valor Hertz das duas frequ\u00eancias card\u00edacas tornam-se coerentes, criando um estado de harmonia, integridade e sa\u00fade. Quando o cora\u00e7\u00e3o do beb\u00e9 e o cora\u00e7\u00e3o da m\u00e3e s\u00e3o arrastados, as suas estruturas cerebrais tamb\u00e9m ficam sincronizadas.<\/p>\n<p style=\"text-align: left;\">Referimo-nos a este estado de equil\u00edbrio como um la\u00e7o entre m\u00e3e e filho. Na falta do v\u00ednculo inicial com a m\u00e3e, todos os v\u00ednculos subsequentes n\u00e3o s\u00f3 est\u00e3o em risco, como s\u00e3o muito dif\u00edceis de concretizar.<\/p>\n<p style=\"text-align: left;\">Estudos em Harvard mostram que a natureza dos nossos la\u00e7os iniciais se reflete ao longo da vida, tanto na sa\u00fade como na capacidade de interagir socialmente. Allan Schore descreve como os primeiros dezoito meses determinam os movimentos subsequentes da intelig\u00eancia.<\/p>\n<p style=\"text-align: left;\">Porqu\u00ea?<\/p>\n<p style=\"text-align: left;\">Porque a experi\u00eancia emocional que a crian\u00e7a recebe durante os primeiros dezoito meses determina a natureza e a qualidade das estruturas neurais que se desenvolvem nesse per\u00edodo. A nutri\u00e7\u00e3o emocional traduz-se diretamente no campo do afeto, partilhado ou n\u00e3o, com o meio imediato.<\/p>\n<p style=\"text-align: left;\">Durante os primeiros dezoito meses, este ambiente \u00e9 composto pela m\u00e3e, pelo pai e por outros cuidadores principais.<\/p>\n<p style=\"text-align: left;\">Texto original: <strong><a href=\"https:\/\/kindredmedia.org\/2020\/11\/mother-infant-bonding-and-the-intelligence-of-the-heart\/\" target=\"_blank\" rel=\"noopener noreferrer\">heartmath.org<\/a><\/strong> Video original: <b><a href=\"https:\/\/www.youtube.com\/watch?v=vXYi9r5Dfpc&amp;t=1s\" target=\"_blank\" rel=\"noopener noreferrer\">Touch the Future<\/a><\/b><\/p>\n<\/div><\/div><\/div><div class=\"fusion-layout-column fusion_builder_column_inner fusion-builder-nested-column-2 fusion_builder_column_inner_1_6 1_6 fusion-flex-column\" style=\"--awb-bg-size:cover;--awb-width-large:16.666666666667%;--awb-margin-top-large:0px;--awb-spacing-right-large:11.52%;--awb-margin-bottom-large:0px;--awb-spacing-left-large:11.52%;--awb-width-medium:100%;--awb-spacing-right-medium:1.92%;--awb-spacing-left-medium:1.92%;--awb-width-small:100%;--awb-spacing-right-small:1.92%;--awb-spacing-left-small:1.92%;\"><div class=\"fusion-column-wrapper fusion-column-has-shadow fusion-flex-justify-content-flex-start fusion-content-layout-column\"><\/div><\/div><\/div><\/div><\/div><\/div><\/div><div class=\"fusion-fullwidth fullwidth-box fusion-builder-row-3 fusion-flex-container has-pattern-background has-mask-background nonhundred-percent-fullwidth non-hundred-percent-height-scrolling fusion-no-medium-visibility fusion-no-large-visibility\" style=\"--awb-border-radius-top-left:0px;--awb-border-radius-top-right:0px;--awb-border-radius-bottom-right:0px;--awb-border-radius-bottom-left:0px;--awb-padding-top:6%;--awb-padding-bottom:6%;--awb-padding-top-small:50px;--awb-padding-bottom-small:50px;--awb-background-color:var(--awb-color5);--awb-background-color-small:rgba(211,185,232,0);--awb-background-image:radial-gradient(circle at center center, #230051 0%,var(--awb-color4) 92%);--awb-flex-wrap:wrap;\" ><div class=\"fusion-builder-row fusion-row fusion-flex-align-items-flex-start fusion-flex-content-wrap\" style=\"max-width:1185.6px;margin-left: calc(-4% \/ 2 );margin-right: calc(-4% \/ 2 );\"><div class=\"fusion-layout-column fusion_builder_column fusion-builder-column-2 fusion_builder_column_1_1 1_1 fusion-flex-column fusion-no-medium-visibility fusion-no-large-visibility\" style=\"--awb-padding-bottom:60px;--awb-padding-bottom-small:0px;--awb-bg-color-small:rgba(51,51,51,0);--awb-bg-size:cover;--awb-width-large:100%;--awb-margin-top-large:0px;--awb-spacing-right-large:1.92%;--awb-margin-bottom-large:0px;--awb-spacing-left-large:1.92%;--awb-width-medium:100%;--awb-spacing-right-medium:1.92%;--awb-spacing-left-medium:1.92%;--awb-width-small:100%;--awb-spacing-right-small:1.92%;--awb-margin-bottom-small:0px;--awb-spacing-left-small:0.96%;\"><div class=\"fusion-column-wrapper fusion-column-has-shadow fusion-flex-justify-content-flex-start fusion-content-layout-column\"><div class=\"fusion-title title fusion-title-3 fusion-sep-none fusion-title-center fusion-title-text fusion-title-size-two\" style=\"--awb-text-color:var(--awb-color1);--awb-margin-top:-30px;--awb-margin-top-small:0px;--awb-margin-right-small:0px;--awb-margin-bottom-small:20px;--awb-margin-left-small:0px;\"><h2 class=\"fusion-title-heading title-heading-center fusion-responsive-typography-calculated\" style=\"margin:0;--fontSize:70;line-height:var(--awb-typography1-line-height);\">Miss\u00e3o &amp; Valores<\/h2><\/div><div class=\"fusion-builder-row fusion-builder-row-inner fusion-row fusion-flex-align-items-flex-start fusion-flex-content-wrap\" style=\"--awb-flex-grow:0;--awb-flex-grow-medium:0;--awb-flex-grow-small:0;--awb-flex-shrink:0;--awb-flex-shrink-medium:0;--awb-flex-shrink-small:0;width:104% !important;max-width:104% !important;margin-left: calc(-4% \/ 2 );margin-right: calc(-4% \/ 2 );\"><div class=\"fusion-layout-column fusion_builder_column_inner fusion-builder-nested-column-3 fusion_builder_column_inner_1_6 1_6 fusion-flex-column\" style=\"--awb-bg-color-small:rgba(0,0,0,0);--awb-bg-size:cover;--awb-width-large:16.666666666667%;--awb-margin-top-large:0px;--awb-spacing-right-large:11.52%;--awb-margin-bottom-large:0px;--awb-spacing-left-large:11.52%;--awb-width-medium:100%;--awb-spacing-right-medium:1.92%;--awb-spacing-left-medium:1.92%;--awb-width-small:100%;--awb-spacing-right-small:1.92%;--awb-spacing-left-small:1.92%;\"><div class=\"fusion-column-wrapper fusion-column-has-shadow fusion-flex-justify-content-flex-start fusion-content-layout-column\"><\/div><\/div><div class=\"fusion-layout-column fusion_builder_column_inner fusion-builder-nested-column-4 fusion_builder_column_inner_2_3 2_3 fusion-flex-column\" style=\"--awb-bg-size:cover;--awb-width-large:66.666666666667%;--awb-margin-top-large:0px;--awb-spacing-right-large:2.88%;--awb-margin-bottom-large:0px;--awb-spacing-left-large:2.88%;--awb-width-medium:100%;--awb-spacing-right-medium:1.92%;--awb-spacing-left-medium:1.92%;--awb-width-small:100%;--awb-spacing-right-small:1.92%;--awb-spacing-left-small:1.92%;\"><div class=\"fusion-column-wrapper fusion-column-has-shadow fusion-flex-justify-content-flex-start fusion-content-layout-column\"><div class=\"fusion-text fusion-text-2\" style=\"--awb-content-alignment:center;--awb-text-color:var(--awb-color1);\"><p><span style=\"font-weight: 400;\">Na <strong>Geraramor<\/strong>, compreendemos profundamente a delicadeza e a sacralidade do in\u00edcio da vida de cada beb\u00e9 que integra uma fam\u00edlia com a sua pr\u00f3pria hist\u00f3ria e gen\u00e9tica. Esta fase \u00e9 fundamental de ser vivida com tranquilidade, seguran\u00e7a, harmonia e sa\u00fade, de forma a que a mulher que vai ser m\u00e3e e o homem que se torna pai, possam ter os recursos necess\u00e1rios para receberem e cuidarem dos seus filhos com sabedoria e amorosidade, para que nunca se desconectem da sua ess\u00eancia e possam ser quem s\u00e3o. Assim contr\u00edbuimos para a constru\u00e7\u00e3o de uma humanidade repleta de amor, paz, fraternidade e sa\u00fade &#8211; uma fam\u00edlia de cada vez.<\/span><\/p>\n<h3><b>\u00a0<\/b><\/h3>\n<h3><b>MISS\u00c3O<\/b><b><\/b><\/h3>\n<p><span style=\"font-weight: 400;\">A nossa <\/span><b>miss\u00e3o<\/b><span style=\"font-weight: 400;\"> centra-se assim em preparar a chegada do beb\u00e9, consciencializando o casal dos detalhes psico-emocionais e da din\u00e2mica de ter um beb\u00e9. E guiando a m\u00e3e num processo de empoderamento, na ressignifica\u00e7\u00e3o da sua pr\u00f3pria inf\u00e2ncia, na descoberta das cren\u00e7as que a libertam para que possa realizar a gravidez, o parto, e a maternidade que deseja e assim desfrutar mais do processo com o seu beb\u00e9, em fam\u00edlia.<\/span><\/p>\n<p><span style=\"font-weight: 400;\">Na Geraramor, facilitamos o nascimento do novo SER e o renascimento dos novos pais, oferecendo o nosso conhecimento, experi\u00eancia e expertise para tornar cada processo de Transi\u00e7\u00e3o do beb\u00e9 e da fam\u00edlia, mais Suave, procurando minimizar o impacto e ressignificar as experi\u00eancias imprevis\u00edveis e dif\u00edceis, inerentes ao processo na m\u00e3e-beb\u00e9.<\/span><\/p>\n<p><span style=\"font-weight: 400;\">N\u00e3o \u00e9 somente por mim, nem por ti, mas por TODA a humanidade que conscientizamos sobre a import\u00e2ncia do Inic\u00edo da Vida: um beb\u00e9 e uma fam\u00edlia de cada vez.<\/span><\/p>\n<p>&nbsp;<\/p>\n<h3><b>VALORES<\/b><\/h3>\n<h3><b>Empatia e Sensibilidade<\/b><\/h3>\n<p><span style=\"font-weight: 400;\">Nosso compromisso \u00e9 com a empatia e a sensibilidade, reconhecendo a singularidade de cada trajet\u00f3ria. Compreendemos que cada m\u00e3e e pai possuem capacidades inatas que, desde a pr\u00e9-concep\u00e7\u00e3o, podem ser potencializadas para vivenciar a jornada da maternidade e paternidade de forma aut\u00eantica, prazerosa e empoderada.<\/span><\/p>\n<h3><b>Conex\u00e3o e V\u00ednculo Seguro<\/b><\/h3>\n<p><span style=\"font-weight: 400;\">Acreditamos que ao fortalecermos essa conex\u00e3o entre pais e beb\u00e9, estamos tamb\u00e9m refor\u00e7ando um v\u00ednculo seguro, essencial para a sa\u00fade mental e emocional das futuras gera\u00e7\u00f5es. Esse per\u00edodo \u00e9 um portal inigual\u00e1vel de conscientiza\u00e7\u00e3o, crescimento pessoal e cura transgeracional.<\/span><\/p>\n<h3><b>Decis\u00f5es Informadas e Personaliza\u00e7\u00e3o de Cuidados<\/b><\/h3>\n<p><span style=\"font-weight: 400;\">Na nossa abordagem, valorizamos a evid\u00eancia cient\u00edfica atual, juntamente com a experi\u00eancia e sabedoria profissional. A personaliza\u00e7\u00e3o de cuidados \u00e9 central para n\u00f3s, entendendo que cada fase \u2013 desde a pr\u00e9-concep\u00e7\u00e3o at\u00e9 o p\u00f3s-parto \u2013 traz desafios \u00fanicos. A tomada de decis\u00f5es informadas, tendo em conta a proximidade e a comunica\u00e7\u00e3o aut\u00eantica, \u00e9 vital em cada etapa desta jornada.<\/span><\/p>\n<h3><b>Integra\u00e7\u00e3o, Capacita\u00e7\u00e3o e Empoderamento<\/b><\/h3>\n<p><span style=\"font-weight: 400;\">Unimos ci\u00eancia e espiritualidade, olhando para o ser humano em todas as suas dimens\u00f5es. Nosso objetivo \u00e9 capacitar pais e cuidadores, promovendo a integra\u00e7\u00e3o de todos os aspectos da vida. Ao faz\u00ea-lo, empoderamos cada indiv\u00edduo, respeitando sua autenticidade e dignidade.<\/span><\/p>\n<h3><b>Sororidade e Respeito<\/b><\/h3>\n<p><span style=\"font-weight: 400;\">Promovemos a sororidade feminina, uma irmandade que se baseia no respeito m\u00fatuo e na valoriza\u00e7\u00e3o da mulher. Reconhecemos a import\u00e2ncia do ambiente, da hist\u00f3ria pessoal e da busca constante pela supera\u00e7\u00e3o e adapta\u00e7\u00e3o aos diversos desafios que surgem.<\/span><\/p>\n<p><b>Na GerarAmor facilitamos os recursos para que o beb\u00e9 possa ser concebido, gestado, nascido e criado pleno do seu potencial!<\/b><\/p>\n<\/div><\/div><\/div><div class=\"fusion-layout-column fusion_builder_column_inner fusion-builder-nested-column-5 fusion_builder_column_inner_1_6 1_6 fusion-flex-column\" style=\"--awb-bg-size:cover;--awb-width-large:16.666666666667%;--awb-margin-top-large:0px;--awb-spacing-right-large:11.52%;--awb-margin-bottom-large:0px;--awb-spacing-left-large:11.52%;--awb-width-medium:100%;--awb-spacing-right-medium:1.92%;--awb-spacing-left-medium:1.92%;--awb-width-small:100%;--awb-spacing-right-small:1.92%;--awb-spacing-left-small:1.92%;\"><div class=\"fusion-column-wrapper fusion-column-has-shadow fusion-flex-justify-content-flex-start fusion-content-layout-column\"><\/div><\/div><\/div><\/div><\/div><\/div><\/div><\/p>\n","protected":false},"excerpt":{"rendered":"","protected":false},"author":1,"featured_media":0,"parent":0,"menu_order":0,"comment_status":"closed","ping_status":"closed","template":"100-width.php","meta":{"nf_dc_page":"","_monsterinsights_skip_tracking":false,"_monsterinsights_sitenote_active":false,"_monsterinsights_sitenote_note":"","_monsterinsights_sitenote_category":0,"footnotes":""},"class_list":["post-2002","page","type-page","status-publish","hentry"],"aioseo_notices":[],"jetpack_sharing_enabled":true,"_links":{"self":[{"href":"https:\/\/geraramor.com\/Catia-Vieira\/wp-json\/wp\/v2\/pages\/2002","targetHints":{"allow":["GET"]}}],"collection":[{"href":"https:\/\/geraramor.com\/Catia-Vieira\/wp-json\/wp\/v2\/pages"}],"about":[{"href":"https:\/\/geraramor.com\/Catia-Vieira\/wp-json\/wp\/v2\/types\/page"}],"author":[{"embeddable":true,"href":"https:\/\/geraramor.com\/Catia-Vieira\/wp-json\/wp\/v2\/users\/1"}],"replies":[{"embeddable":true,"href":"https:\/\/geraramor.com\/Catia-Vieira\/wp-json\/wp\/v2\/comments?post=2002"}],"version-history":[{"count":4,"href":"https:\/\/geraramor.com\/Catia-Vieira\/wp-json\/wp\/v2\/pages\/2002\/revisions"}],"predecessor-version":[{"id":2027,"href":"https:\/\/geraramor.com\/Catia-Vieira\/wp-json\/wp\/v2\/pages\/2002\/revisions\/2027"}],"wp:attachment":[{"href":"https:\/\/geraramor.com\/Catia-Vieira\/wp-json\/wp\/v2\/media?parent=2002"}],"curies":[{"name":"wp","href":"https:\/\/api.w.org\/{rel}","templated":true}]}}