{"id":1993,"date":"2024-08-05T11:39:21","date_gmt":"2024-08-05T11:39:21","guid":{"rendered":"https:\/\/geraramor.com\/Catia-Vieira\/?page_id=1993"},"modified":"2024-08-05T21:02:08","modified_gmt":"2024-08-05T21:02:08","slug":"estudo-mae-bebe-apoia-interacoes-coracao-cerebro","status":"publish","type":"page","link":"https:\/\/geraramor.com\/Catia-Vieira\/estudo-mae-bebe-apoia-interacoes-coracao-cerebro\/","title":{"rendered":"Estudo m\u00e3e-beb\u00e9 apoia intera\u00e7\u00f5es cora\u00e7\u00e3o-c\u00e9rebro"},"content":{"rendered":"<p><div class=\"fusion-fullwidth fullwidth-box fusion-builder-row-1 fusion-flex-container has-pattern-background has-mask-background fusion-parallax-none nonhundred-percent-fullwidth non-hundred-percent-height-scrolling lazyload\" style=\"--awb-background-position:center top;--awb-border-radius-top-left:0px;--awb-border-radius-top-right:0px;--awb-border-radius-bottom-right:0px;--awb-border-radius-bottom-left:0px;--awb-padding-top:13%;--awb-padding-bottom:0%;--awb-padding-top-small:45px;--awb-padding-bottom-small:55px;--awb-margin-bottom:0px;--awb-margin-top-small:0px;--awb-margin-bottom-small:0px;--awb-background-image:linear-gradient(0deg, hsla(var(--awb-color4-h),var(--awb-color4-s),var(--awb-color4-l),calc(var(--awb-color4-a) - 20%)) 0%,hsla(var(--awb-color8-h),var(--awb-color8-s),calc( var(--awb-color8-l) - 20% ),calc( var(--awb-color8-a) - 55% )) 39%);;--awb-background-size:cover;--awb-flex-wrap:wrap;\" data-bg=\"https:\/\/geraramor.com\/Catia-Vieira\/wp-content\/uploads\/2024\/08\/ESTUDO_00.png\" data-bg-gradient=\"linear-gradient(0deg, hsla(var(--awb-color4-h),var(--awb-color4-s),var(--awb-color4-l),calc(var(--awb-color4-a) - 20%)) 0%,hsla(var(--awb-color8-h),var(--awb-color8-s),calc( var(--awb-color8-l) - 20% ),calc( var(--awb-color8-a) - 55% )) 39%)\" ><div class=\"fusion-builder-row fusion-row fusion-flex-align-items-flex-start fusion-flex-content-wrap\" style=\"max-width:calc( 1140px + 0px );margin-left: calc(-0px \/ 2 );margin-right: calc(-0px \/ 2 );\"><div class=\"fusion-layout-column fusion_builder_column fusion-builder-column-0 fusion_builder_column_1_1 1_1 fusion-flex-column\" style=\"--awb-bg-position:center center;--awb-bg-size:cover;--awb-width-large:100%;--awb-margin-top-large:0px;--awb-spacing-right-large:0px;--awb-margin-bottom-large:27px;--awb-spacing-left-large:0px;--awb-width-medium:100%;--awb-spacing-right-medium:0px;--awb-spacing-left-medium:0px;--awb-width-small:100%;--awb-spacing-right-small:0px;--awb-spacing-left-small:0px;\"><div class=\"fusion-column-wrapper fusion-column-has-shadow fusion-flex-justify-content-flex-start fusion-content-layout-column\"><div class=\"fusion-title title fusion-title-1 fusion-sep-none fusion-title-center fusion-title-text fusion-title-size-one\" style=\"--awb-margin-bottom:0px;--awb-margin-top-small:0px;--awb-margin-right-small:0px;--awb-margin-bottom-small:0px;--awb-margin-left-small:0px;\"><h1 class=\"fusion-title-heading title-heading-center fusion-responsive-typography-calculated\" style=\"margin:0;--fontSize:100;line-height:var(--awb-typography1-line-height);\">Estudos em destaque<\/h1><\/div><\/div><\/div><\/div><\/div><div class=\"fusion-fullwidth fullwidth-box fusion-builder-row-2 fusion-flex-container has-pattern-background has-mask-background fusion-parallax-none nonhundred-percent-fullwidth non-hundred-percent-height-scrolling fusion-no-small-visibility lazyload\" style=\"--awb-border-radius-top-left:0px;--awb-border-radius-top-right:0px;--awb-border-radius-bottom-right:0px;--awb-border-radius-bottom-left:0px;--awb-padding-top:6%;--awb-padding-bottom:6%;--awb-padding-top-small:50px;--awb-padding-bottom-small:50px;--awb-background-color:var(--awb-color5);--awb-background-image:linear-gradient(259deg, hsla(var(--awb-color8-h),var(--awb-color8-s),calc( var(--awb-color8-l) - 20% ),calc( var(--awb-color8-a) - 83% )) 18%,var(--awb-color5) 80%);;--awb-background-size:cover;--awb-flex-wrap:wrap;\" data-bg=\"https:\/\/geraramor.com\/Catia-Vieira\/wp-content\/uploads\/2024\/03\/group_meeting_ga.jpg\" data-bg-gradient=\"linear-gradient(259deg, hsla(var(--awb-color8-h),var(--awb-color8-s),calc( var(--awb-color8-l) - 20% ),calc( var(--awb-color8-a) - 83% )) 18%,var(--awb-color5) 80%)\" ><div class=\"fusion-builder-row fusion-row fusion-flex-align-items-flex-start fusion-flex-content-wrap\" style=\"max-width:1185.6px;margin-left: calc(-4% \/ 2 );margin-right: calc(-4% \/ 2 );\"><div class=\"fusion-layout-column fusion_builder_column fusion-builder-column-1 fusion_builder_column_1_1 1_1 fusion-flex-column fusion-animated\" style=\"--awb-padding-bottom:60px;--awb-bg-color:rgba(86,86,86,0.8);--awb-bg-color-hover:rgba(86,86,86,0.8);--awb-bg-size:cover;--awb-width-large:100%;--awb-margin-top-large:0px;--awb-spacing-right-large:1.92%;--awb-margin-bottom-large:0px;--awb-spacing-left-large:1.92%;--awb-width-medium:100%;--awb-spacing-right-medium:1.92%;--awb-spacing-left-medium:1.92%;--awb-width-small:100%;--awb-spacing-right-small:1.92%;--awb-spacing-left-small:1.92%;\" data-animationType=\"fadeInDown\" data-animationDuration=\"1.0\" data-animationOffset=\"top-into-view\"><div class=\"fusion-column-wrapper fusion-column-has-shadow fusion-flex-justify-content-flex-start fusion-content-layout-column\"><div class=\"fusion-title title fusion-title-2 fusion-sep-none fusion-title-center fusion-title-text fusion-title-size-two\" style=\"--awb-text-color:var(--awb-color1);--awb-margin-top-small:0px;--awb-margin-right-small:0px;--awb-margin-bottom-small:20px;--awb-margin-left-small:0px;\"><h2 class=\"fusion-title-heading title-heading-center fusion-responsive-typography-calculated\" style=\"margin:0;--fontSize:70;line-height:var(--awb-typography1-line-height);\"><h3>Estudo m\u00e3e\/beb\u00e9 apoia intera\u00e7\u00f5es cora\u00e7\u00e3o-c\u00e9rebro<\/h3><\/h2><\/div><div class=\"fusion-builder-row fusion-builder-row-inner fusion-row fusion-flex-align-items-flex-start fusion-flex-content-wrap\" style=\"--awb-flex-grow:0;--awb-flex-grow-medium:0;--awb-flex-grow-small:0;--awb-flex-shrink:0;--awb-flex-shrink-medium:0;--awb-flex-shrink-small:0;width:104% !important;max-width:104% !important;margin-left: calc(-4% \/ 2 );margin-right: calc(-4% \/ 2 );\"><div class=\"fusion-layout-column fusion_builder_column_inner fusion-builder-nested-column-0 fusion_builder_column_inner_1_6 1_6 fusion-flex-column\" style=\"--awb-bg-color:rgba(255,255,255,0);--awb-bg-color-hover:rgba(255,255,255,0);--awb-bg-size:cover;--awb-width-large:16.666666666667%;--awb-margin-top-large:0px;--awb-spacing-right-large:11.52%;--awb-margin-bottom-large:0px;--awb-spacing-left-large:11.52%;--awb-width-medium:100%;--awb-spacing-right-medium:1.92%;--awb-spacing-left-medium:1.92%;--awb-width-small:100%;--awb-spacing-right-small:1.92%;--awb-spacing-left-small:1.92%;\"><div class=\"fusion-column-wrapper fusion-column-has-shadow fusion-flex-justify-content-flex-start fusion-content-layout-column\"><\/div><\/div><div class=\"fusion-layout-column fusion_builder_column_inner fusion-builder-nested-column-1 fusion_builder_column_inner_2_3 2_3 fusion-flex-column\" style=\"--awb-bg-size:cover;--awb-width-large:66.666666666667%;--awb-margin-top-large:0px;--awb-spacing-right-large:2.88%;--awb-margin-bottom-large:0px;--awb-spacing-left-large:2.88%;--awb-width-medium:100%;--awb-spacing-right-medium:1.92%;--awb-spacing-left-medium:1.92%;--awb-width-small:100%;--awb-spacing-right-small:1.92%;--awb-spacing-left-small:1.92%;\"><div class=\"fusion-column-wrapper fusion-column-has-shadow fusion-flex-justify-content-flex-start fusion-content-layout-column\"><div class=\"fusion-text fusion-text-1\" style=\"--awb-content-alignment:justify;--awb-text-color:var(--awb-color1);\"><p style=\"text-align: left;\"><b style=\"color: var(--h3_typography-color); font-family: var(--h3_typography-font-family); font-size: var(--h3_typography-font-size); font-style: var(--h3_typography-font-style,normal); letter-spacing: var(--h3_typography-letter-spacing); text-transform: var(--h3_typography-text-transform); text-align: var(--awb-content-alignment); background-color: var(--awb-bg-color-hover);\">Haver\u00e1 maior v\u00ednculo do que o de m\u00e3e e beb\u00e9?<\/b><\/p>\n<p style=\"text-align: left;\"><span style=\"font-weight: 400;\">As descobertas preliminares de um estudo recente fornecem evid\u00eancias de outra faceta deste v\u00ednculo e demonstram ainda que as ondas eletromagn\u00e9ticas produzidas pelos batimentos card\u00edacos de uma pessoa podem ser detetadas pelos c\u00e9rebros e sistemas nervosos de outras pessoas que a rodeiam.<\/span><\/p>\n<p style=\"text-align: left;\"><span style=\"font-weight: 400;\">Um resumo do Estudo de Prova de Conceito: Sincroniza\u00e7\u00e3o Cora\u00e7\u00e3o-C\u00e9rebro entre M\u00e3e e Beb\u00e9 refere que os investigadores \u201cexploraram o potencial para medir as intera\u00e7\u00f5es energ\u00e9ticas cora\u00e7\u00e3o-c\u00e9rebro que podem estar a ocorrer entre uma m\u00e3e e o seu beb\u00e9\u201d. O estudo, realizado em Agosto de 2007, foi feito com o beb\u00e9 ao colo da m\u00e3e.<\/span><\/p>\n<p style=\"text-align: left;\"><span style=\"font-weight: 400;\">Os investigadores, que iniciaram a investiga\u00e7\u00e3o com duas mulheres e os seus beb\u00e9s, mas s\u00f3 conseguiram utilizar os dados de uma das m\u00e3es e do seu beb\u00e9, registaram uma s\u00e9rie de exemplos que mostram claramente que os batimentos card\u00edacos do beb\u00e9 foram detectados nas ondas cerebrais da m\u00e3e.<\/span><\/p>\n<p style=\"text-align: left;\"><b style=\"color: var(--h3_typography-color); font-family: var(--h3_typography-font-family); font-size: var(--h3_typography-font-size); font-style: var(--h3_typography-font-style,normal); letter-spacing: var(--h3_typography-letter-spacing); text-transform: var(--h3_typography-text-transform); text-align: var(--awb-content-alignment); background-color: var(--awb-bg-color-hover);\">O foco da m\u00e3e \u00e9 a chave para a liga\u00e7\u00e3o<\/b><\/p>\n<p style=\"text-align: left;\"><span style=\"font-weight: 400;\">\u201cEstes dados preliminares elucidam a descoberta intrigante de que os sinais eletromagn\u00e9ticos gerados pelo cora\u00e7\u00e3o t\u00eam a capacidade de afetar outras pessoas \u00e0 nossa volta\u201d, l\u00ea-se no resumo. \u201cO sinal nem sempre era detet\u00e1vel, mas era claramente detet\u00e1vel quando a m\u00e3e sintonizava o beb\u00e9. Parece que quando a m\u00e3e colocou a sua aten\u00e7\u00e3o no beb\u00e9, tornou-se mais sens\u00edvel aos subtis sinais eletromagn\u00e9ticos gerados pelo cora\u00e7\u00e3o do beb\u00e9.\u201d<\/span><\/p>\n<p style=\"text-align: left;\"><img data-recalc-dims=\"1\" decoding=\"async\" class=\"lazyload size-full wp-image-1998 aligncenter\" src=\"https:\/\/i0.wp.com\/geraramor.com\/Catia-Vieira\/wp-content\/uploads\/2024\/08\/batimento-bebe.png?resize=551%2C448&#038;ssl=1\" data-orig-src=\"https:\/\/geraramor.com\/Catia-Vieira\/wp-content\/uploads\/2024\/08\/batimento-bebe.png\" alt=\"\" width=\"551\" height=\"448\" srcset=\"data:image\/svg+xml,%3Csvg%20xmlns%3D%27http%3A%2F%2Fwww.w3.org%2F2000%2Fsvg%27%20width%3D%27551%27%20height%3D%27448%27%20viewBox%3D%270%200%20551%20448%27%3E%3Crect%20width%3D%27551%27%20height%3D%27448%27%20fill-opacity%3D%220%22%2F%3E%3C%2Fsvg%3E\" data-srcset=\"https:\/\/i0.wp.com\/geraramor.com\/Catia-Vieira\/wp-content\/uploads\/2024\/08\/batimento-bebe.png?resize=66%2C54&amp;ssl=1 66w, https:\/\/i0.wp.com\/geraramor.com\/Catia-Vieira\/wp-content\/uploads\/2024\/08\/batimento-bebe.png?resize=177%2C144&amp;ssl=1 177w, https:\/\/i0.wp.com\/geraramor.com\/Catia-Vieira\/wp-content\/uploads\/2024\/08\/batimento-bebe.png?resize=200%2C163&amp;ssl=1 200w, https:\/\/i0.wp.com\/geraramor.com\/Catia-Vieira\/wp-content\/uploads\/2024\/08\/batimento-bebe.png?resize=300%2C244&amp;ssl=1 300w, https:\/\/i0.wp.com\/geraramor.com\/Catia-Vieira\/wp-content\/uploads\/2024\/08\/batimento-bebe.png?resize=320%2C260&amp;ssl=1 320w, https:\/\/i0.wp.com\/geraramor.com\/Catia-Vieira\/wp-content\/uploads\/2024\/08\/batimento-bebe.png?resize=400%2C325&amp;ssl=1 400w, https:\/\/i0.wp.com\/geraramor.com\/Catia-Vieira\/wp-content\/uploads\/2024\/08\/batimento-bebe.png?resize=460%2C374&amp;ssl=1 460w, https:\/\/i0.wp.com\/geraramor.com\/Catia-Vieira\/wp-content\/uploads\/2024\/08\/batimento-bebe.png?resize=540%2C439&amp;ssl=1 540w, https:\/\/i0.wp.com\/geraramor.com\/Catia-Vieira\/wp-content\/uploads\/2024\/08\/batimento-bebe.png?w=551&amp;ssl=1 551w\" data-sizes=\"auto\" data-orig-sizes=\"(max-width: 551px) 100vw, 551px\" \/><\/p>\n<p style=\"text-align: left;\"><span style=\"font-weight: 400;\">Estudos anteriores produziram descobertas semelhantes, de acordo com o resumo, incluindo dados que mostram que as ondas cerebrais de uma pessoa podem sincronizar-se com os batimentos card\u00edacos de outra quando os indiv\u00edduos interagem. Protocolos e procedimentos de an\u00e1lise de dados semelhantes aos utilizados em investiga\u00e7\u00f5es anteriores foram empregues neste \u00faltimo estudo, conduzido por Linda Caviness, Wendy McCarthy, Rollin McCraty e Mike Atkinson.<\/span><\/p>\n<p style=\"text-align: left;\"><b style=\"color: var(--h3_typography-color); font-family: var(--h3_typography-font-family); font-size: var(--h3_typography-font-size); font-style: var(--h3_typography-font-style,normal); letter-spacing: var(--h3_typography-letter-spacing); text-transform: var(--h3_typography-text-transform); text-align: var(--awb-content-alignment); background-color: var(--awb-bg-color-hover);\">Crescem as evid\u00eancias da troca de informa\u00e7\u00e3o<\/b><\/p>\n<p style=\"text-align: left;\"><span style=\"font-weight: 400;\">\u201cEmbora preliminares, estes resultados somam-se aos dados crescentes que sugerem que os campos eletromagn\u00e9ticos produzidos pelo cora\u00e7\u00e3o podem ser uma fonte de troca de informa\u00e7\u00e3o entre as pessoas e que esta troca \u00e9 influenciada pelas nossas emo\u00e7\u00f5es\u201d, refere o resumo. \u201cEstas descobertas t\u00eam implica\u00e7\u00f5es intrigantes, sugerindo que uma m\u00e3e num estado psicofisiologicamente coerente se tornou mais sens\u00edvel \u00e0 informa\u00e7\u00e3o eletromagn\u00e9tica subtil codificada nos sinais eletromagn\u00e9ticos do seu filho\u201d.<\/span><\/p>\n<p style=\"text-align: left;\"><span style=\"font-weight: 400;\">Os investigadores disseram que as descobertas complementam a experi\u00eancia dos instrutores que treinaram milhares de pessoas sobre como gerar e manter a coer\u00eancia enquanto ouvem os outros nas conversas. \u201cDepois de os indiv\u00edduos aprenderem esta compet\u00eancia, \u00e9 uma experi\u00eancia comum que se tornem muito mais sintonizados com os outros e sejam capazes de detetar e compreender o significado mais profundo por detr\u00e1s das palavras faladas\u201d, disseram no resumo. \u201cMuitas vezes s\u00e3o capazes de sentir o que outra pessoa realmente quer comunicar, mesmo quando a outra pessoa pode n\u00e3o ter clareza sobre o que est\u00e1 a tentar dizer. Esta t\u00e9cnica, denominada Escuta Intuitiva, ajuda as pessoas a sentirem-se plenamente ouvidas e promove um maior relacionamento e empatia entre as pessoas.\u201d<\/span><\/p>\n<p style=\"text-align: left;\"><span style=\"font-weight: 400;\">No in\u00edcio do estudo sobre a m\u00e3e e o beb\u00e9, os investigadores observaram que se tratava de um projeto piloto. Depois de divulgarem as conclus\u00f5es preliminares, disseram que os dados ajudariam a equipa de investiga\u00e7\u00e3o do HeartMath na formula\u00e7\u00e3o de hip\u00f3teses, metodologia e an\u00e1lise estat\u00edstica para futuros projetos de investiga\u00e7\u00e3o.<\/span><\/p>\n<p style=\"text-align: left;\">Texto original: <strong><a href=\"https:\/\/www.heartmath.org\/articles-of-the-heart\/science-of-the-heart\/mother-baby-study-supports-heart-brain-interactions\/\" target=\"_blank\" rel=\"noopener noreferrer\">heartmath.org<\/a><\/strong><\/p>\n<\/div><\/div><\/div><div class=\"fusion-layout-column fusion_builder_column_inner fusion-builder-nested-column-2 fusion_builder_column_inner_1_6 1_6 fusion-flex-column\" style=\"--awb-bg-size:cover;--awb-width-large:16.666666666667%;--awb-margin-top-large:0px;--awb-spacing-right-large:11.52%;--awb-margin-bottom-large:0px;--awb-spacing-left-large:11.52%;--awb-width-medium:100%;--awb-spacing-right-medium:1.92%;--awb-spacing-left-medium:1.92%;--awb-width-small:100%;--awb-spacing-right-small:1.92%;--awb-spacing-left-small:1.92%;\"><div class=\"fusion-column-wrapper fusion-column-has-shadow fusion-flex-justify-content-flex-start fusion-content-layout-column\"><\/div><\/div><\/div><\/div><\/div><\/div><\/div><div class=\"fusion-fullwidth fullwidth-box fusion-builder-row-3 fusion-flex-container has-pattern-background has-mask-background nonhundred-percent-fullwidth non-hundred-percent-height-scrolling fusion-no-medium-visibility fusion-no-large-visibility\" style=\"--awb-border-radius-top-left:0px;--awb-border-radius-top-right:0px;--awb-border-radius-bottom-right:0px;--awb-border-radius-bottom-left:0px;--awb-padding-top:6%;--awb-padding-bottom:6%;--awb-padding-top-small:50px;--awb-padding-bottom-small:50px;--awb-background-color:var(--awb-color5);--awb-background-color-small:rgba(211,185,232,0);--awb-background-image:radial-gradient(circle at center center, #230051 0%,var(--awb-color4) 92%);--awb-flex-wrap:wrap;\" ><div class=\"fusion-builder-row fusion-row fusion-flex-align-items-flex-start fusion-flex-content-wrap\" style=\"max-width:1185.6px;margin-left: calc(-4% \/ 2 );margin-right: calc(-4% \/ 2 );\"><div class=\"fusion-layout-column fusion_builder_column fusion-builder-column-2 fusion_builder_column_1_1 1_1 fusion-flex-column fusion-no-medium-visibility fusion-no-large-visibility\" style=\"--awb-padding-bottom:60px;--awb-padding-bottom-small:0px;--awb-bg-color-small:rgba(51,51,51,0);--awb-bg-size:cover;--awb-width-large:100%;--awb-margin-top-large:0px;--awb-spacing-right-large:1.92%;--awb-margin-bottom-large:0px;--awb-spacing-left-large:1.92%;--awb-width-medium:100%;--awb-spacing-right-medium:1.92%;--awb-spacing-left-medium:1.92%;--awb-width-small:100%;--awb-spacing-right-small:1.92%;--awb-margin-bottom-small:0px;--awb-spacing-left-small:0.96%;\"><div class=\"fusion-column-wrapper fusion-column-has-shadow fusion-flex-justify-content-flex-start fusion-content-layout-column\"><div class=\"fusion-title title fusion-title-3 fusion-sep-none fusion-title-center fusion-title-text fusion-title-size-two\" style=\"--awb-text-color:var(--awb-color1);--awb-margin-top:-30px;--awb-margin-top-small:0px;--awb-margin-right-small:0px;--awb-margin-bottom-small:20px;--awb-margin-left-small:0px;\"><h2 class=\"fusion-title-heading title-heading-center fusion-responsive-typography-calculated\" style=\"margin:0;--fontSize:70;line-height:var(--awb-typography1-line-height);\">Miss\u00e3o &amp; Valores<\/h2><\/div><div class=\"fusion-builder-row fusion-builder-row-inner fusion-row fusion-flex-align-items-flex-start fusion-flex-content-wrap\" style=\"--awb-flex-grow:0;--awb-flex-grow-medium:0;--awb-flex-grow-small:0;--awb-flex-shrink:0;--awb-flex-shrink-medium:0;--awb-flex-shrink-small:0;width:104% !important;max-width:104% !important;margin-left: calc(-4% \/ 2 );margin-right: calc(-4% \/ 2 );\"><div class=\"fusion-layout-column fusion_builder_column_inner fusion-builder-nested-column-3 fusion_builder_column_inner_1_6 1_6 fusion-flex-column\" style=\"--awb-bg-color-small:rgba(0,0,0,0);--awb-bg-size:cover;--awb-width-large:16.666666666667%;--awb-margin-top-large:0px;--awb-spacing-right-large:11.52%;--awb-margin-bottom-large:0px;--awb-spacing-left-large:11.52%;--awb-width-medium:100%;--awb-spacing-right-medium:1.92%;--awb-spacing-left-medium:1.92%;--awb-width-small:100%;--awb-spacing-right-small:1.92%;--awb-spacing-left-small:1.92%;\"><div class=\"fusion-column-wrapper fusion-column-has-shadow fusion-flex-justify-content-flex-start fusion-content-layout-column\"><\/div><\/div><div class=\"fusion-layout-column fusion_builder_column_inner fusion-builder-nested-column-4 fusion_builder_column_inner_2_3 2_3 fusion-flex-column\" style=\"--awb-bg-size:cover;--awb-width-large:66.666666666667%;--awb-margin-top-large:0px;--awb-spacing-right-large:2.88%;--awb-margin-bottom-large:0px;--awb-spacing-left-large:2.88%;--awb-width-medium:100%;--awb-spacing-right-medium:1.92%;--awb-spacing-left-medium:1.92%;--awb-width-small:100%;--awb-spacing-right-small:1.92%;--awb-spacing-left-small:1.92%;\"><div class=\"fusion-column-wrapper fusion-column-has-shadow fusion-flex-justify-content-flex-start fusion-content-layout-column\"><div class=\"fusion-text fusion-text-2\" style=\"--awb-content-alignment:center;--awb-text-color:var(--awb-color1);\"><p><span style=\"font-weight: 400;\">Na <strong>Geraramor<\/strong>, compreendemos profundamente a delicadeza e a sacralidade do in\u00edcio da vida de cada beb\u00e9 que integra uma fam\u00edlia com a sua pr\u00f3pria hist\u00f3ria e gen\u00e9tica. Esta fase \u00e9 fundamental de ser vivida com tranquilidade, seguran\u00e7a, harmonia e sa\u00fade, de forma a que a mulher que vai ser m\u00e3e e o homem que se torna pai, possam ter os recursos necess\u00e1rios para receberem e cuidarem dos seus filhos com sabedoria e amorosidade, para que nunca se desconectem da sua ess\u00eancia e possam ser quem s\u00e3o. Assim contr\u00edbuimos para a constru\u00e7\u00e3o de uma humanidade repleta de amor, paz, fraternidade e sa\u00fade &#8211; uma fam\u00edlia de cada vez.<\/span><\/p>\n<h3><b>\u00a0<\/b><\/h3>\n<h3><b>MISS\u00c3O<\/b><b><\/b><\/h3>\n<p><span style=\"font-weight: 400;\">A nossa <\/span><b>miss\u00e3o<\/b><span style=\"font-weight: 400;\"> centra-se assim em preparar a chegada do beb\u00e9, consciencializando o casal dos detalhes psico-emocionais e da din\u00e2mica de ter um beb\u00e9. E guiando a m\u00e3e num processo de empoderamento, na ressignifica\u00e7\u00e3o da sua pr\u00f3pria inf\u00e2ncia, na descoberta das cren\u00e7as que a libertam para que possa realizar a gravidez, o parto, e a maternidade que deseja e assim desfrutar mais do processo com o seu beb\u00e9, em fam\u00edlia.<\/span><\/p>\n<p><span style=\"font-weight: 400;\">Na Geraramor, facilitamos o nascimento do novo SER e o renascimento dos novos pais, oferecendo o nosso conhecimento, experi\u00eancia e expertise para tornar cada processo de Transi\u00e7\u00e3o do beb\u00e9 e da fam\u00edlia, mais Suave, procurando minimizar o impacto e ressignificar as experi\u00eancias imprevis\u00edveis e dif\u00edceis, inerentes ao processo na m\u00e3e-beb\u00e9.<\/span><\/p>\n<p><span style=\"font-weight: 400;\">N\u00e3o \u00e9 somente por mim, nem por ti, mas por TODA a humanidade que conscientizamos sobre a import\u00e2ncia do Inic\u00edo da Vida: um beb\u00e9 e uma fam\u00edlia de cada vez.<\/span><\/p>\n<h3><b>VALORES<\/b><\/h3>\n<h3><b>Empatia e Sensibilidade<\/b><\/h3>\n<p><span style=\"font-weight: 400;\">Nosso compromisso \u00e9 com a empatia e a sensibilidade, reconhecendo a singularidade de cada trajet\u00f3ria. Compreendemos que cada m\u00e3e e pai possuem capacidades inatas que, desde a pr\u00e9-concep\u00e7\u00e3o, podem ser potencializadas para vivenciar a jornada da maternidade e paternidade de forma aut\u00eantica, prazerosa e empoderada.<\/span><\/p>\n<h3><b>Conex\u00e3o e V\u00ednculo Seguro<\/b><\/h3>\n<p><span style=\"font-weight: 400;\">Acreditamos que ao fortalecermos essa conex\u00e3o entre pais e beb\u00e9, estamos tamb\u00e9m refor\u00e7ando um v\u00ednculo seguro, essencial para a sa\u00fade mental e emocional das futuras gera\u00e7\u00f5es. Esse per\u00edodo \u00e9 um portal inigual\u00e1vel de conscientiza\u00e7\u00e3o, crescimento pessoal e cura transgeracional.<\/span><\/p>\n<h3><b>Decis\u00f5es Informadas e Personaliza\u00e7\u00e3o de Cuidados<\/b><\/h3>\n<p><span style=\"font-weight: 400;\">Na nossa abordagem, valorizamos a evid\u00eancia cient\u00edfica atual, juntamente com a experi\u00eancia e sabedoria profissional. A personaliza\u00e7\u00e3o de cuidados \u00e9 central para n\u00f3s, entendendo que cada fase \u2013 desde a pr\u00e9-concep\u00e7\u00e3o at\u00e9 o p\u00f3s-parto \u2013 traz desafios \u00fanicos. A tomada de decis\u00f5es informadas, tendo em conta a proximidade e a comunica\u00e7\u00e3o aut\u00eantica, \u00e9 vital em cada etapa desta jornada.<\/span><\/p>\n<h3><b>Integra\u00e7\u00e3o, Capacita\u00e7\u00e3o e Empoderamento<\/b><\/h3>\n<p><span style=\"font-weight: 400;\">Unimos ci\u00eancia e espiritualidade, olhando para o ser humano em todas as suas dimens\u00f5es. Nosso objetivo \u00e9 capacitar pais e cuidadores, promovendo a integra\u00e7\u00e3o de todos os aspectos da vida. Ao faz\u00ea-lo, empoderamos cada indiv\u00edduo, respeitando sua autenticidade e dignidade.<\/span><\/p>\n<h3><b>Sororidade e Respeito<\/b><\/h3>\n<p><span style=\"font-weight: 400;\">Promovemos a sororidade feminina, uma irmandade que se baseia no respeito m\u00fatuo e na valoriza\u00e7\u00e3o da mulher. Reconhecemos a import\u00e2ncia do ambiente, da hist\u00f3ria pessoal e da busca constante pela supera\u00e7\u00e3o e adapta\u00e7\u00e3o aos diversos desafios que surgem.<\/span><\/p>\n<p><b>Na GerarAmor facilitamos os recursos para que o beb\u00e9 possa ser concebido, gestado, nascido e criado pleno do seu potencial!<\/b><\/p>\n<\/div><\/div><\/div><div class=\"fusion-layout-column fusion_builder_column_inner fusion-builder-nested-column-5 fusion_builder_column_inner_1_6 1_6 fusion-flex-column\" style=\"--awb-bg-size:cover;--awb-width-large:16.666666666667%;--awb-margin-top-large:0px;--awb-spacing-right-large:11.52%;--awb-margin-bottom-large:0px;--awb-spacing-left-large:11.52%;--awb-width-medium:100%;--awb-spacing-right-medium:1.92%;--awb-spacing-left-medium:1.92%;--awb-width-small:100%;--awb-spacing-right-small:1.92%;--awb-spacing-left-small:1.92%;\"><div class=\"fusion-column-wrapper fusion-column-has-shadow fusion-flex-justify-content-flex-start fusion-content-layout-column\"><\/div><\/div><\/div><\/div><\/div><\/div><\/div><\/p>\n","protected":false},"excerpt":{"rendered":"","protected":false},"author":1,"featured_media":0,"parent":0,"menu_order":0,"comment_status":"closed","ping_status":"closed","template":"100-width.php","meta":{"nf_dc_page":"","_monsterinsights_skip_tracking":false,"_monsterinsights_sitenote_active":false,"_monsterinsights_sitenote_note":"","_monsterinsights_sitenote_category":0,"footnotes":""},"class_list":["post-1993","page","type-page","status-publish","hentry"],"aioseo_notices":[],"jetpack_sharing_enabled":true,"_links":{"self":[{"href":"https:\/\/geraramor.com\/Catia-Vieira\/wp-json\/wp\/v2\/pages\/1993","targetHints":{"allow":["GET"]}}],"collection":[{"href":"https:\/\/geraramor.com\/Catia-Vieira\/wp-json\/wp\/v2\/pages"}],"about":[{"href":"https:\/\/geraramor.com\/Catia-Vieira\/wp-json\/wp\/v2\/types\/page"}],"author":[{"embeddable":true,"href":"https:\/\/geraramor.com\/Catia-Vieira\/wp-json\/wp\/v2\/users\/1"}],"replies":[{"embeddable":true,"href":"https:\/\/geraramor.com\/Catia-Vieira\/wp-json\/wp\/v2\/comments?post=1993"}],"version-history":[{"count":5,"href":"https:\/\/geraramor.com\/Catia-Vieira\/wp-json\/wp\/v2\/pages\/1993\/revisions"}],"predecessor-version":[{"id":2026,"href":"https:\/\/geraramor.com\/Catia-Vieira\/wp-json\/wp\/v2\/pages\/1993\/revisions\/2026"}],"wp:attachment":[{"href":"https:\/\/geraramor.com\/Catia-Vieira\/wp-json\/wp\/v2\/media?parent=1993"}],"curies":[{"name":"wp","href":"https:\/\/api.w.org\/{rel}","templated":true}]}}