{"id":1454,"date":"2024-03-15T11:11:30","date_gmt":"2024-03-15T11:11:30","guid":{"rendered":"https:\/\/geraramor.com\/Catia-Vieira\/?page_id=1454"},"modified":"2024-03-18T10:53:42","modified_gmt":"2024-03-18T10:53:42","slug":"politica-de-cookies-geraramor","status":"publish","type":"page","link":"https:\/\/geraramor.com\/Catia-Vieira\/politica-de-cookies-geraramor\/","title":{"rendered":"Pol\u00edtica de Cookies"},"content":{"rendered":"<p>&nbsp;<\/p>\n<div class=\"bg-background-off p-6 my-6 rounded\">\n<h3 class=\" font-bold text-md lg:text-xl pb-4\">O que s\u00e3o os Cookies?<\/h3>\n<p class=\" font-normal\">Um cookie \u00e9 um pequeno arquivo que pede permiss\u00e3o para ser colocado no armazenamento do seu computador ou dispositivo m\u00f3vel. Uma vez concordando, o arquivo \u00e9 adicionado e o cookie ajuda a analisar o tr\u00e1fego web ou deixa-o saber quando voc\u00ea visita um determinado site.<\/p>\n<\/div>\n<div class=\"bg-background-off p-6 my-6 rounded\">\n<h3><\/h3>\n<h3 class=\" font-bold text-md lg:text-xl pb-4\">Que Cookies Utilizamos?<\/h3>\n<p class=\" font-normal mb-5\">N\u00f3s usamos os logs de tr\u00e1fego dos cookies para identificar quais as p\u00e1ginas que est\u00e3o a ser usadas. Isso ajuda-nos a analisar os dados sobre o tr\u00e1fego na p\u00e1gina web e melhorar o nosso site a fim de adequ\u00e1-lo \u00e0s necessidades do cliente. N\u00f3s s\u00f3 usamos estas informa\u00e7\u00f5es para fins de an\u00e1lise estat\u00edstica e, em seguida, os dados s\u00e3o removidos do sistema.<\/p>\n<p class=\" font-normal\">No geral, os cookies ajuda-nos a fornecer-lhe um site melhor, pois permite-nos monitorizar as p\u00e1ginas que voc\u00ea acha \u00fateis ou n\u00e3o \u00fateis. Um cookie n\u00e3o nos d\u00e1 acesso ao seu computador ou qualquer informa\u00e7\u00e3o sobre voc\u00ea, com exce\u00e7\u00e3o dos dados que voc\u00ea escolher para partilhar connosco. Voc\u00ea pode optar por aceitar ou recusar cookies. A maioria dos browsers automaticamente aceita cookies, mas voc\u00ea pode modificar o seu navegador para recusar cookies. Se voc\u00ea preferir recusar cookies, isso pode impedi-lo de tirar pleno partido do site.<\/p>\n<\/div>\n<div class=\"bg-background-off p-6 my-6 rounded\">\n<h3><\/h3>\n<h3 class=\" font-bold text-md lg:text-xl pb-4\">Como o Utilizador pode controlar os cookies que a GerarAmor utiliza no seu website?<\/h3>\n<p class=\" font-normal mb-5\">N\u00f3s usamos os logs de tr\u00e1fego dos cookies para identificar quais as p\u00e1ginas que est\u00e3o a ser usadas. Isso ajuda-nos a analisar os dados sobre o tr\u00e1fego na p\u00e1gina web e melhorar o nosso site a fim de adequ\u00e1-lo \u00e0s necessidades do cliente. N\u00f3s s\u00f3 usamos estas informa\u00e7\u00f5es para fins de an\u00e1lise estat\u00edstica e, em seguida, os dados s\u00e3o removidos do sistema.<\/p>\n<p class=\" font-normal mb-5\">Quando acede ao website da GerarAmor, o Utilizador pode selecionar uma das op\u00e7\u00f5es inclu\u00eddas na \u201cjanela\u201d sobre cookies, aceitando ou rejeitando a utiliza\u00e7\u00e3o de cookies.<\/p>\n<p class=\" font-normal mb-5\">Contudo, os cookies de desempenho necess\u00e1rios ao correto funcionamento do Website ser\u00e3o utilizados independentemente do consentimento do Utilizador.<\/p>\n<p class=\" font-normal mb-5\">O Utilizador pode bloquear ou rejeitar os cookies ativando a defini\u00e7\u00e3o do navegador de internet (browser) que lhe permita recusar a instala\u00e7\u00e3o de todos ou de alguns cookies. O Utilizador pode, ainda, alterar as configura\u00e7\u00f5es do navegador de internet (browser) para notific\u00e1-lo quando um cookie est\u00e1 prestes a ser colocado no seu computador ou dispositivo m\u00f3vel. Normalmente, estas defini\u00e7\u00f5es s\u00e3o ativadas clicando no menu Ajuda do navegador de internet (browser). No entanto, a rejei\u00e7\u00e3o de cookies ao visitar o website da GerarAmor pode comprometer a eficiente funcionalidade de certas \u00e1reas do website. Por exemplo, ao rejeitar os cookies do website, o Utilizador poder\u00e1 n\u00e3o ser capaz de aceder a uma \u00e1rea preferida, visualizar uma p\u00e1gina inicial padr\u00e3o ou um formul\u00e1rio pr\u00e9-preenchido ou de forma f\u00e1cil aceder aos seus links ou p\u00e1ginas visitadas recentemente.<\/p>\n<p class=\" font-normal\">Para obter mais informa\u00e7\u00f5es sobre os cookies, incluindo a maneira de encontrar os cookies instalados no seu computador ou dispositivo m\u00f3vel e como administrar e eliminar os mesmos, o Utilizador poder\u00e1 aceder ao website\u00a0<a class=\"text-primary hover:underline\" href=\"https:\/\/allaboutcookies.org\/\">www.allaboutcookies.org<\/a>.<\/p>\n<\/div>\n","protected":false},"excerpt":{"rendered":"<p>&nbsp; O que s\u00e3o os Cookies? Um cookie \u00e9 um<\/p>\n","protected":false},"author":1,"featured_media":0,"parent":0,"menu_order":0,"comment_status":"closed","ping_status":"open","template":"","meta":{"nf_dc_page":"","_monsterinsights_skip_tracking":false,"_monsterinsights_sitenote_active":false,"_monsterinsights_sitenote_note":"","_monsterinsights_sitenote_category":0,"footnotes":""},"class_list":["post-1454","page","type-page","status-publish","hentry"],"aioseo_notices":[],"jetpack_sharing_enabled":true,"_links":{"self":[{"href":"https:\/\/geraramor.com\/Catia-Vieira\/wp-json\/wp\/v2\/pages\/1454","targetHints":{"allow":["GET"]}}],"collection":[{"href":"https:\/\/geraramor.com\/Catia-Vieira\/wp-json\/wp\/v2\/pages"}],"about":[{"href":"https:\/\/geraramor.com\/Catia-Vieira\/wp-json\/wp\/v2\/types\/page"}],"author":[{"embeddable":true,"href":"https:\/\/geraramor.com\/Catia-Vieira\/wp-json\/wp\/v2\/users\/1"}],"replies":[{"embeddable":true,"href":"https:\/\/geraramor.com\/Catia-Vieira\/wp-json\/wp\/v2\/comments?post=1454"}],"version-history":[{"count":2,"href":"https:\/\/geraramor.com\/Catia-Vieira\/wp-json\/wp\/v2\/pages\/1454\/revisions"}],"predecessor-version":[{"id":1465,"href":"https:\/\/geraramor.com\/Catia-Vieira\/wp-json\/wp\/v2\/pages\/1454\/revisions\/1465"}],"wp:attachment":[{"href":"https:\/\/geraramor.com\/Catia-Vieira\/wp-json\/wp\/v2\/media?parent=1454"}],"curies":[{"name":"wp","href":"https:\/\/api.w.org\/{rel}","templated":true}]}}