{"id":1411,"date":"2024-03-14T17:08:37","date_gmt":"2024-03-14T17:08:37","guid":{"rendered":"https:\/\/geraramor.com\/Catia-Vieira\/?page_id=1411"},"modified":"2024-03-14T17:48:28","modified_gmt":"2024-03-14T17:48:28","slug":"politica-privacidade-gerar-amor","status":"publish","type":"page","link":"https:\/\/geraramor.com\/Catia-Vieira\/politica-privacidade-gerar-amor\/","title":{"rendered":"Politica de Privacidade"},"content":{"rendered":"<p>&nbsp;<\/p>\n<p>Esta pol\u00edtica descreve as informa\u00e7\u00f5es pessoais que a GerarAmor recolhe sobre si, por que as recolhemos, como as usamos e quando as partilhamos com terceiros. Esta Notifica\u00e7\u00e3o de Privacidade Global (esta &#8220;Notifica\u00e7\u00e3o&#8221;) explica como os dados sobre si (especificamente, um sujeito de dados da Uni\u00e3o Europeia) s\u00e3o recolhidos, utilizados e divulgados pela GerarAmor, e nossas afiliadas e subsidi\u00e1rias (coletivamente, &#8220;n\u00f3s&#8221;, &#8220;nos&#8221;, ou &#8220;nosso&#8221;) com o seu principal local localizado em Albufeira &#8211; Algarve, Portugal. Somos respons\u00e1veis pelo processamento dos seus Dados Pessoais (como definido abaixo), como um controlador de dados. Esta Notifica\u00e7\u00e3o aplica-se aos dados que recolhemos quando acede ou utiliza as nossas plataformas tecnol\u00f3gicas, interage connosco atrav\u00e9s das redes sociais, ou quando de outra forma interage connosco. Por favor, leia esta Notifica\u00e7\u00e3o completamente (antes de nos fornecer os seus dados pessoais ou de outra forma interagir connosco).<\/p>\n<p>Na GerarAmor, estamos empenhados na sua privacidade e na prote\u00e7\u00e3o das suas informa\u00e7\u00f5es pessoais. Ao aceder e utilizar este website, concorda e consente na recolha, uso e divulga\u00e7\u00e3o das suas informa\u00e7\u00f5es pessoais, conforme delineado nesta declara\u00e7\u00e3o ou conforme e quando de outra forma explicitamente direcionado por si.<\/p>\n<h3>Informa\u00e7\u00f5es Pessoalmente Identific\u00e1veis dos Propriet\u00e1rios de Im\u00f3veis<\/h3>\n<p>Recolhemos informa\u00e7\u00f5es das quais pode ser identificado, como nome, endere\u00e7o, n\u00famero de telefone, endere\u00e7o de email para operar o nosso neg\u00f3cio (incluindo fornec\u00ea-lo a clientes potenciais que possam optar por ficar de tempos a tempos), responder aos seus pedidos e fornecer-lhe informa\u00e7\u00f5es, melhorar o nosso n\u00edvel de servi\u00e7os e o conte\u00fado do nosso website, e para fins de marketing e internos, mas apenas quando solicitado e\/ou submete voluntariamente a n\u00f3s. A menos que consinta de outra forma, s\u00f3 utilizaremos informa\u00e7\u00f5es pessoais para o prop\u00f3sito para o qual foram recolhidas, ou conforme de outra forma possa ser permitido por lei, por exemplo, na medida em que: exigido por compuls\u00e3o da lei; expressamente permitido sob qualquer acordo consigo; para diminuir uma s\u00e9ria amea\u00e7a \u00e0 sa\u00fade ou seguran\u00e7a de uma pessoa.<\/p>\n<h3>Partilha de Informa\u00e7\u00f5es Pessoalmente Identific\u00e1veis com Terceiros<\/h3>\n<p>N\u00e3o venderemos nem alugaremos informa\u00e7\u00f5es pessoalmente identific\u00e1veis a terceiros para qualquer prop\u00f3sito. Recolheremos e utilizaremos informa\u00e7\u00f5es pessoalmente identific\u00e1veis de acordo com a legisla\u00e7\u00e3o de privacidade aplic\u00e1vel. \u00c0s vezes utilizamos terceiros para nos fornecer servi\u00e7os de apoio em conex\u00e3o com o nosso website e atividades de marketing e essas partes podem ter acesso \u00e0s suas informa\u00e7\u00f5es pessoais para permitir que elas nos forne\u00e7am esses servi\u00e7os. Esta pol\u00edtica abrange as nossas experi\u00eancias online, incluindo os nossos websites e os nossos blogs. A nossa pol\u00edtica tamb\u00e9m descreve as escolhas que pode fazer sobre como recolhemos e utilizamos as suas informa\u00e7\u00f5es. Se as nossas pr\u00e1ticas de informa\u00e7\u00e3o mudarem, publicaremos uma pol\u00edtica atualizada no nosso website. Pode verificar se a pol\u00edtica mudou verificando a data de revis\u00e3o que aparece acima. Pode exercer as suas escolhas sobre como recolhemos e utilizamos as suas informa\u00e7\u00f5es consistentes com esta pol\u00edtica a qualquer momento. Exigimos que todos esses terceiros cumpram os nossos padr\u00f5es de prote\u00e7\u00e3o de dados, e eles s\u00e3o proibidos de usar as informa\u00e7\u00f5es para os seus pr\u00f3prios fins de marketing. Em certos casos especiais, podemos divulgar as suas informa\u00e7\u00f5es pessoalmente identific\u00e1veis, se: tivermos raz\u00e3o para acreditar que divulgar esta informa\u00e7\u00e3o \u00e9 necess\u00e1rio para identificar, contactar ou mover a\u00e7\u00e3o legal contra algu\u00e9m que possa estar a causar dano a si, a n\u00f3s ou a outros utilizadores deste website; se acreditarmos que a lei o exige, ou em resposta a qualquer exig\u00eancia das autoridades em conex\u00e3o com uma investiga\u00e7\u00e3o criminal, ou caso civil pendente ou investiga\u00e7\u00e3o administrativa.<\/p>\n<h3>Informa\u00e7\u00f5es N\u00e3o Pessoalmente Identific\u00e1veis<\/h3>\n<p>Tamb\u00e9m recolhemos informa\u00e7\u00f5es n\u00e3o pessoalmente identific\u00e1veis para rastrear dados como o n\u00famero de visitas ao nosso website. Utilizamos estas informa\u00e7\u00f5es para entender como os nossos visitantes usam o nosso website para que possamos melhor\u00e1-lo e aos servi\u00e7os que oferecemos.<\/p>\n<h3>Uso de Endere\u00e7os IP<\/h3>\n<p>N\u00f3s, ou terceiros atuando em nosso nome, podemos recolher endere\u00e7os IP para fins de administra\u00e7\u00e3o de sistemas e para auditar o uso do nosso website. Os endere\u00e7os IP n\u00e3o est\u00e3o vinculados a informa\u00e7\u00f5es pessoalmente identific\u00e1veis, e os utilizadores permanecem an\u00f3nimos para n\u00f3s. No entanto, podemos usar endere\u00e7os IP para identificar utilizadores do nosso site quando sentimos que \u00e9 necess\u00e1rio fazer cumprir a conformidade com os termos e condi\u00e7\u00f5es de uso do website, ou para proteger o nosso servi\u00e7o, website ou outros utilizadores.<\/p>\n<h3>Prote\u00e7\u00e3o<\/h3>\n<p>Utilizamos uma variedade de procedimentos de seguran\u00e7a para ajudar a proteger as suas informa\u00e7\u00f5es pessoais de acesso, uso ou divulga\u00e7\u00e3o n\u00e3o autorizados. Fazemos todos os esfor\u00e7os razo\u00e1veis para prevenir a perda, uso indevido ou altera\u00e7\u00e3o dos dados. N\u00e3o damos qualquer garantia e n\u00e3o seremos respons\u00e1veis em rela\u00e7\u00e3o a qualquer viola\u00e7\u00e3o de seguran\u00e7a ou perda ou divulga\u00e7\u00e3o n\u00e3o intencionada de informa\u00e7\u00f5es devido ao website estar ligado \u00e0 internet.<\/p>\n<h3>Acesso \u00e0s suas Informa\u00e7\u00f5es Pessoais<\/h3>\n<p>Se detivermos informa\u00e7\u00f5es pessoais sobre si, poder\u00e1 aceder, alterar e atualizar as suas informa\u00e7\u00f5es pessoais a qualquer momento. Se desejar fazer isso, por favor contacte-nos ou inicie sess\u00e3o na sua conta.<\/p>\n<h3>Links para Outros Websites<\/h3>\n<p>Este site pode fornecer links para outros websites como um servi\u00e7o para si. Esta declara\u00e7\u00e3o de privacidade n\u00e3o se aplica a esses sites. Deve verificar a declara\u00e7\u00e3o de privacidade e outros documentos legais publicados em cada site relevante.<\/p>\n<h3>Altera\u00e7\u00f5es<\/h3>\n<p>Podemos ocasionalmente atualizar esta declara\u00e7\u00e3o de privacidade. Ao continuar a usar o nosso website, concorda com a declara\u00e7\u00e3o de privacidade e quaisquer atualiza\u00e7\u00f5es dela. Se tiver alguma preocupa\u00e7\u00e3o ou quest\u00e3o sobre a nossa pol\u00edtica de privacidade, por favor n\u00e3o hesite em contactar-nos.<\/p>\n","protected":false},"excerpt":{"rendered":"<p>&nbsp; Esta pol\u00edtica descreve as informa\u00e7\u00f5es pessoais que a GerarAmor<\/p>\n","protected":false},"author":1,"featured_media":0,"parent":0,"menu_order":0,"comment_status":"closed","ping_status":"open","template":"","meta":{"nf_dc_page":"","_monsterinsights_skip_tracking":false,"_monsterinsights_sitenote_active":false,"_monsterinsights_sitenote_note":"","_monsterinsights_sitenote_category":0,"footnotes":""},"class_list":["post-1411","page","type-page","status-publish","hentry"],"aioseo_notices":[],"jetpack_sharing_enabled":true,"_links":{"self":[{"href":"https:\/\/geraramor.com\/Catia-Vieira\/wp-json\/wp\/v2\/pages\/1411","targetHints":{"allow":["GET"]}}],"collection":[{"href":"https:\/\/geraramor.com\/Catia-Vieira\/wp-json\/wp\/v2\/pages"}],"about":[{"href":"https:\/\/geraramor.com\/Catia-Vieira\/wp-json\/wp\/v2\/types\/page"}],"author":[{"embeddable":true,"href":"https:\/\/geraramor.com\/Catia-Vieira\/wp-json\/wp\/v2\/users\/1"}],"replies":[{"embeddable":true,"href":"https:\/\/geraramor.com\/Catia-Vieira\/wp-json\/wp\/v2\/comments?post=1411"}],"version-history":[{"count":4,"href":"https:\/\/geraramor.com\/Catia-Vieira\/wp-json\/wp\/v2\/pages\/1411\/revisions"}],"predecessor-version":[{"id":1430,"href":"https:\/\/geraramor.com\/Catia-Vieira\/wp-json\/wp\/v2\/pages\/1411\/revisions\/1430"}],"wp:attachment":[{"href":"https:\/\/geraramor.com\/Catia-Vieira\/wp-json\/wp\/v2\/media?parent=1411"}],"curies":[{"name":"wp","href":"https:\/\/api.w.org\/{rel}","templated":true}]}}